{"id":9541,"date":"2022-03-23T16:02:55","date_gmt":"2022-03-23T14:02:55","guid":{"rendered":"https:\/\/rootsandcook.com\/?post_type=product&#038;p=9541"},"modified":"2024-03-14T16:46:31","modified_gmt":"2024-03-14T14:46:31","slug":"pack-de-3-recetas-individuales-digital","status":"publish","type":"product","link":"https:\/\/rootsandcook.com\/es\/producto\/pack-de-3-recetas-individuales-digital\/","title":{"rendered":"Pack de 3 recetas individuales &#8211; DIGITAL"},"content":{"rendered":"<p>Pack de 3 recetas individuales para olla lenta &#8211;<strong> DIGITAL (PDF)<\/strong><\/p>\n<ul>\n<li><strong>Alb\u00f3ndigas de pollo con salsa de curry casera<\/strong><\/li>\n<li><strong>Lubina con olivada al horno<\/strong><\/li>\n<li><strong>Pastel de lentejas<\/strong><\/li>\n<\/ul>\n<p><b>Formato:<\/b><\/p>\n<p>Una vez que finalices la compra, podr\u00e1s descargar la receta digital directamente o desde el <strong>email<\/strong> que recibir\u00e1s en tu bandeja de entrada. La receta es un <strong>archivo PDF<\/strong>\u00a0que puedes visualizar desde tu m\u00f3vil, desde tu ordenador, desde tu tablet\u2026<\/p>\n<p><strong>Importante<\/strong>:\u00a0<strong>El link de descarga tiene una validez de 15 d\u00edas<\/strong>. Es muy importante que descargues y guardes la receta en tu dispositivo.<\/p>\n<p>Recuerda que adem\u00e1s lo puedes\u00a0<strong>imprimir<\/strong>\u00a0y tenerlo en la cocina junto a tus libros de cocina favoritos.<\/p>\n<p>&#8212;&#8212;&#8212;<\/p>\n<p>No se admiten devoluciones en este tipo de productos digitales.<\/p>\n","protected":false},"excerpt":{"rendered":"<p>Pack de 3 recetas individuales para olla lenta &#8211;<strong> DIGITAL (PDF)<\/strong><\/p>\n<h3><strong>Alb\u00f3ndigas de pollo con salsa de curry casera<\/strong><\/h3>\n<p>Alb\u00f3ndigas de pollo extra jugosas con manzana, col y toques a especias que las hacen muy especiales.<\/p>\n<p>Adem\u00e1s te ense\u00f1o a preparar una salsa de curry 100% casera, sin usar curry en polvo. Vas a ver qu\u00e9 f\u00e1cil se hace y qu\u00e9 rico queda.<\/p>\n<p>Se pueden congelar perfectamente con lo cual las puedes hacer y tenerlas listas para las cenas entre semana.<\/p>\n<h3><strong>Lubina con olivada al horno.<\/strong><\/h3>\n<p>Lomos de lubina con olivada casera que se prepara en un momento, una combinaci\u00f3n que sorprende y triunfa.<\/p>\n<p>El pescado queda muy jugoso al horno y el toque se la olivada casera es brutal.<\/p>\n<p>Sin duda un plato sencillo para preparar para una cena especial para los de casa, amigos o familia. Sin complicaciones, que puedes preparar parte con antelaci\u00f3n y luego acabar al horno en una par de minutos.<\/p>\n<h3><strong>Pastel de lentejas<\/strong><\/h3>\n<p>Un pastel diferente, muy jugoso y lleno de sabor y nutrientes.<\/p>\n<p>El relleno de lentejas es muy jugoso, con mucha verdura y toques de especias parecidos a la moussaka. Muy rico y sabroso.<\/p>\n<p>El pastel lleva capas de patata y una bechamel fin\u00edsima que hace de este plato una delicia.<\/p>\n<p>vegan &#8211; vegano<\/p>\n","protected":false},"featured_media":9245,"comment_status":"open","ping_status":"closed","template":"","meta":{"_coblocks_attr":"","_coblocks_dimensions":"","_coblocks_responsive_height":"","_coblocks_accordion_ie_support":"","_crdt_document":""},"product_brand":[],"product_cat":[1384,1376],"product_tag":[1396,1408,1403,1413,1406,1385,1472],"class_list":{"0":"post-9541","1":"product","2":"type-product","3":"status-publish","4":"has-post-thumbnail","6":"product_cat-receta-digital","7":"product_cat-receta-individual","8":"product_tag-curry","9":"product_tag-lentejas","10":"product_tag-lubina","11":"product_tag-pastel-lentejas","12":"product_tag-pescado","13":"product_tag-receta-digital","14":"product_tag-receta-indiviual","16":"first","17":"instock","18":"downloadable","19":"virtual","20":"taxable","21":"purchasable","22":"product-type-simple"},"yoast_head":"<!-- This site is optimized with the Yoast SEO Premium plugin v24.9 (Yoast SEO v27.0) - https:\/\/yoast.com\/product\/yoast-seo-premium-wordpress\/ -->\n<title>Pack de 3 recetas individuales - DIGITAL - RootsandCook<\/title>\n<meta name=\"description\" content=\"Pack de 3 recetas individuales para olla lenta. Alb\u00f3ndigas de pollo con salsa de curry casera-Lubina con olivada al horno-Pastel de lentejas.\" \/>\n<meta name=\"robots\" content=\"index, follow, max-snippet:-1, max-image-preview:large, max-video-preview:-1\" \/>\n<link rel=\"canonical\" href=\"https:\/\/rootsandcook.com\/es\/producto\/pack-de-3-recetas-individuales-digital\/\" \/>\n<meta property=\"og:locale\" content=\"es_ES\" \/>\n<meta property=\"og:type\" content=\"article\" \/>\n<meta property=\"og:title\" content=\"Pack de 3 recetas individuales - DIGITAL\" \/>\n<meta property=\"og:description\" content=\"Pack de 3 recetas individuales para olla lenta. Alb\u00f3ndigas de pollo con salsa de curry casera-Lubina con olivada al horno-Pastel de lentejas.\" \/>\n<meta property=\"og:url\" content=\"https:\/\/rootsandcook.com\/es\/producto\/pack-de-3-recetas-individuales-digital\/\" \/>\n<meta property=\"og:site_name\" content=\"RootsandCook\" \/>\n<meta property=\"article:publisher\" content=\"https:\/\/www.facebook.com\/rootsandcook\/\" \/>\n<meta property=\"article:modified_time\" content=\"2024-03-14T14:46:31+00:00\" \/>\n<meta property=\"og:image\" content=\"https:\/\/rootsandcook.com\/wp-content\/uploads\/2022\/03\/Albondigas-con-salsa-de-curry-1-min.jpg\" \/>\n\t<meta property=\"og:image:width\" content=\"1200\" \/>\n\t<meta property=\"og:image:height\" content=\"900\" \/>\n\t<meta property=\"og:image:type\" content=\"image\/jpeg\" \/>\n<meta name=\"twitter:card\" content=\"summary_large_image\" \/>\n<script type=\"application\/ld+json\" class=\"yoast-schema-graph\">{\"@context\":\"https:\/\/schema.org\",\"@graph\":[{\"@type\":\"WebPage\",\"@id\":\"https:\/\/rootsandcook.com\/es\/producto\/pack-de-3-recetas-individuales-digital\/\",\"url\":\"https:\/\/rootsandcook.com\/es\/producto\/pack-de-3-recetas-individuales-digital\/\",\"name\":\"Pack de 3 recetas individuales - DIGITAL - RootsandCook\",\"isPartOf\":{\"@id\":\"https:\/\/rootsandcook.com\/es\/#website\"},\"primaryImageOfPage\":{\"@id\":\"https:\/\/rootsandcook.com\/es\/producto\/pack-de-3-recetas-individuales-digital\/#primaryimage\"},\"image\":{\"@id\":\"https:\/\/rootsandcook.com\/es\/producto\/pack-de-3-recetas-individuales-digital\/#primaryimage\"},\"thumbnailUrl\":\"https:\/\/rootsandcook.com\/wp-content\/uploads\/2022\/03\/Albondigas-con-salsa-de-curry-1-min.jpg\",\"datePublished\":\"2022-03-23T14:02:55+00:00\",\"dateModified\":\"2024-03-14T14:46:31+00:00\",\"description\":\"Pack de 3 recetas individuales para olla lenta. Alb\u00f3ndigas de pollo con salsa de curry casera-Lubina con olivada al horno-Pastel de lentejas.\",\"breadcrumb\":{\"@id\":\"https:\/\/rootsandcook.com\/es\/producto\/pack-de-3-recetas-individuales-digital\/#breadcrumb\"},\"inLanguage\":\"es-ES\",\"potentialAction\":[{\"@type\":\"ReadAction\",\"target\":[\"https:\/\/rootsandcook.com\/es\/producto\/pack-de-3-recetas-individuales-digital\/\"]}]},{\"@type\":\"ImageObject\",\"inLanguage\":\"es-ES\",\"@id\":\"https:\/\/rootsandcook.com\/es\/producto\/pack-de-3-recetas-individuales-digital\/#primaryimage\",\"url\":\"https:\/\/rootsandcook.com\/wp-content\/uploads\/2022\/03\/Albondigas-con-salsa-de-curry-1-min.jpg\",\"contentUrl\":\"https:\/\/rootsandcook.com\/wp-content\/uploads\/2022\/03\/Albondigas-con-salsa-de-curry-1-min.jpg\",\"width\":1200,\"height\":900},{\"@type\":\"BreadcrumbList\",\"@id\":\"https:\/\/rootsandcook.com\/es\/producto\/pack-de-3-recetas-individuales-digital\/#breadcrumb\",\"itemListElement\":[{\"@type\":\"ListItem\",\"position\":1,\"name\":\"Home\",\"item\":\"https:\/\/rootsandcook.com\/es\/\"},{\"@type\":\"ListItem\",\"position\":2,\"name\":\"Tienda\",\"item\":\"https:\/\/rootsandcook.com\/es\/tienda\/\"},{\"@type\":\"ListItem\",\"position\":3,\"name\":\"Pack de 3 recetas individuales &#8211; DIGITAL\"}]},{\"@type\":\"WebSite\",\"@id\":\"https:\/\/rootsandcook.com\/es\/#website\",\"url\":\"https:\/\/rootsandcook.com\/es\/\",\"name\":\"RootsandCook\",\"description\":\"Fresh seasonal recipes and more\",\"publisher\":{\"@id\":\"https:\/\/rootsandcook.com\/es\/#\/schema\/person\/18f44a39b0ae9be87eaea6e475f55041\"},\"potentialAction\":[{\"@type\":\"SearchAction\",\"target\":{\"@type\":\"EntryPoint\",\"urlTemplate\":\"https:\/\/rootsandcook.com\/es\/?s={search_term_string}\"},\"query-input\":{\"@type\":\"PropertyValueSpecification\",\"valueRequired\":true,\"valueName\":\"search_term_string\"}}],\"inLanguage\":\"es-ES\"},{\"@type\":[\"Person\",\"Organization\"],\"@id\":\"https:\/\/rootsandcook.com\/es\/#\/schema\/person\/18f44a39b0ae9be87eaea6e475f55041\",\"name\":\"Enara Parra\",\"image\":{\"@type\":\"ImageObject\",\"inLanguage\":\"es-ES\",\"@id\":\"https:\/\/rootsandcook.com\/es\/#\/schema\/person\/image\/\",\"url\":\"https:\/\/rootsandcook.com\/wp-content\/uploads\/2022\/04\/cropped-rootsandcook-main-web-logo.png\",\"contentUrl\":\"https:\/\/rootsandcook.com\/wp-content\/uploads\/2022\/04\/cropped-rootsandcook-main-web-logo.png\",\"width\":907,\"height\":209,\"caption\":\"Enara Parra\"},\"logo\":{\"@id\":\"https:\/\/rootsandcook.com\/es\/#\/schema\/person\/image\/\"},\"sameAs\":[\"https:\/\/rootsandcook.com\",\"https:\/\/www.facebook.com\/rootsandcook\/\",\"https:\/\/www.instagram.com\/rootsandcook\/\",\"https:\/\/www.pinterest.com\/rootsandcook\/\",\"https:\/\/www.youtube.com\/rootsandcook\"]}]}<\/script>\n<!-- \/ Yoast SEO Premium plugin. -->","yoast_head_json":{"title":"Pack de 3 recetas individuales - DIGITAL - RootsandCook","description":"Pack de 3 recetas individuales para olla lenta. Alb\u00f3ndigas de pollo con salsa de curry casera-Lubina con olivada al horno-Pastel de lentejas.","robots":{"index":"index","follow":"follow","max-snippet":"max-snippet:-1","max-image-preview":"max-image-preview:large","max-video-preview":"max-video-preview:-1"},"canonical":"https:\/\/rootsandcook.com\/es\/producto\/pack-de-3-recetas-individuales-digital\/","og_locale":"es_ES","og_type":"article","og_title":"Pack de 3 recetas individuales - DIGITAL","og_description":"Pack de 3 recetas individuales para olla lenta. Alb\u00f3ndigas de pollo con salsa de curry casera-Lubina con olivada al horno-Pastel de lentejas.","og_url":"https:\/\/rootsandcook.com\/es\/producto\/pack-de-3-recetas-individuales-digital\/","og_site_name":"RootsandCook","article_publisher":"https:\/\/www.facebook.com\/rootsandcook\/","article_modified_time":"2024-03-14T14:46:31+00:00","og_image":[{"width":1200,"height":900,"url":"https:\/\/rootsandcook.com\/wp-content\/uploads\/2022\/03\/Albondigas-con-salsa-de-curry-1-min.jpg","type":"image\/jpeg"}],"twitter_card":"summary_large_image","schema":{"@context":"https:\/\/schema.org","@graph":[{"@type":"WebPage","@id":"https:\/\/rootsandcook.com\/es\/producto\/pack-de-3-recetas-individuales-digital\/","url":"https:\/\/rootsandcook.com\/es\/producto\/pack-de-3-recetas-individuales-digital\/","name":"Pack de 3 recetas individuales - DIGITAL - RootsandCook","isPartOf":{"@id":"https:\/\/rootsandcook.com\/es\/#website"},"primaryImageOfPage":{"@id":"https:\/\/rootsandcook.com\/es\/producto\/pack-de-3-recetas-individuales-digital\/#primaryimage"},"image":{"@id":"https:\/\/rootsandcook.com\/es\/producto\/pack-de-3-recetas-individuales-digital\/#primaryimage"},"thumbnailUrl":"https:\/\/rootsandcook.com\/wp-content\/uploads\/2022\/03\/Albondigas-con-salsa-de-curry-1-min.jpg","datePublished":"2022-03-23T14:02:55+00:00","dateModified":"2024-03-14T14:46:31+00:00","description":"Pack de 3 recetas individuales para olla lenta. Alb\u00f3ndigas de pollo con salsa de curry casera-Lubina con olivada al horno-Pastel de lentejas.","breadcrumb":{"@id":"https:\/\/rootsandcook.com\/es\/producto\/pack-de-3-recetas-individuales-digital\/#breadcrumb"},"inLanguage":"es-ES","potentialAction":[{"@type":"ReadAction","target":["https:\/\/rootsandcook.com\/es\/producto\/pack-de-3-recetas-individuales-digital\/"]}]},{"@type":"ImageObject","inLanguage":"es-ES","@id":"https:\/\/rootsandcook.com\/es\/producto\/pack-de-3-recetas-individuales-digital\/#primaryimage","url":"https:\/\/rootsandcook.com\/wp-content\/uploads\/2022\/03\/Albondigas-con-salsa-de-curry-1-min.jpg","contentUrl":"https:\/\/rootsandcook.com\/wp-content\/uploads\/2022\/03\/Albondigas-con-salsa-de-curry-1-min.jpg","width":1200,"height":900},{"@type":"BreadcrumbList","@id":"https:\/\/rootsandcook.com\/es\/producto\/pack-de-3-recetas-individuales-digital\/#breadcrumb","itemListElement":[{"@type":"ListItem","position":1,"name":"Home","item":"https:\/\/rootsandcook.com\/es\/"},{"@type":"ListItem","position":2,"name":"Tienda","item":"https:\/\/rootsandcook.com\/es\/tienda\/"},{"@type":"ListItem","position":3,"name":"Pack de 3 recetas individuales &#8211; DIGITAL"}]},{"@type":"WebSite","@id":"https:\/\/rootsandcook.com\/es\/#website","url":"https:\/\/rootsandcook.com\/es\/","name":"RootsandCook","description":"Fresh seasonal recipes and more","publisher":{"@id":"https:\/\/rootsandcook.com\/es\/#\/schema\/person\/18f44a39b0ae9be87eaea6e475f55041"},"potentialAction":[{"@type":"SearchAction","target":{"@type":"EntryPoint","urlTemplate":"https:\/\/rootsandcook.com\/es\/?s={search_term_string}"},"query-input":{"@type":"PropertyValueSpecification","valueRequired":true,"valueName":"search_term_string"}}],"inLanguage":"es-ES"},{"@type":["Person","Organization"],"@id":"https:\/\/rootsandcook.com\/es\/#\/schema\/person\/18f44a39b0ae9be87eaea6e475f55041","name":"Enara Parra","image":{"@type":"ImageObject","inLanguage":"es-ES","@id":"https:\/\/rootsandcook.com\/es\/#\/schema\/person\/image\/","url":"https:\/\/rootsandcook.com\/wp-content\/uploads\/2022\/04\/cropped-rootsandcook-main-web-logo.png","contentUrl":"https:\/\/rootsandcook.com\/wp-content\/uploads\/2022\/04\/cropped-rootsandcook-main-web-logo.png","width":907,"height":209,"caption":"Enara Parra"},"logo":{"@id":"https:\/\/rootsandcook.com\/es\/#\/schema\/person\/image\/"},"sameAs":["https:\/\/rootsandcook.com","https:\/\/www.facebook.com\/rootsandcook\/","https:\/\/www.instagram.com\/rootsandcook\/","https:\/\/www.pinterest.com\/rootsandcook\/","https:\/\/www.youtube.com\/rootsandcook"]}]}},"jetpack-related-posts":[],"jetpack_sharing_enabled":true,"_links":{"self":[{"href":"https:\/\/rootsandcook.com\/es\/wp-json\/wp\/v2\/product\/9541","targetHints":{"allow":["GET"]}}],"collection":[{"href":"https:\/\/rootsandcook.com\/es\/wp-json\/wp\/v2\/product"}],"about":[{"href":"https:\/\/rootsandcook.com\/es\/wp-json\/wp\/v2\/types\/product"}],"replies":[{"embeddable":true,"href":"https:\/\/rootsandcook.com\/es\/wp-json\/wp\/v2\/comments?post=9541"}],"wp:featuredmedia":[{"embeddable":true,"href":"https:\/\/rootsandcook.com\/es\/wp-json\/wp\/v2\/media\/9245"}],"wp:attachment":[{"href":"https:\/\/rootsandcook.com\/es\/wp-json\/wp\/v2\/media?parent=9541"}],"wp:term":[{"taxonomy":"product_brand","embeddable":true,"href":"https:\/\/rootsandcook.com\/es\/wp-json\/wp\/v2\/product_brand?post=9541"},{"taxonomy":"product_cat","embeddable":true,"href":"https:\/\/rootsandcook.com\/es\/wp-json\/wp\/v2\/product_cat?post=9541"},{"taxonomy":"product_tag","embeddable":true,"href":"https:\/\/rootsandcook.com\/es\/wp-json\/wp\/v2\/product_tag?post=9541"}],"curies":[{"name":"wp","href":"https:\/\/api.w.org\/{rel}","templated":true}]}}