{"id":9315,"date":"2022-03-03T20:31:12","date_gmt":"2022-03-03T18:31:12","guid":{"rendered":"https:\/\/rootsandcook.com\/?post_type=product&#038;p=9315"},"modified":"2024-03-14T16:50:44","modified_gmt":"2024-03-14T14:50:44","slug":"lubina-con-olivada-receta-individual-digital","status":"publish","type":"product","link":"https:\/\/rootsandcook.com\/es\/producto\/lubina-con-olivada-receta-individual-digital\/","title":{"rendered":"Lubina con olivada &#8211; Receta individual DIGITAL"},"content":{"rendered":"<p>Lubina con olivada al horno &#8211; Receta Individual versi\u00f3n DIGITAL (PDF)<\/p>\n<p><b>Formato:<\/b><\/p>\n<p>Una vez que finalices la compra, podr\u00e1s descargar la receta digital directamente o desde el <strong>email<\/strong> que recibir\u00e1s en tu bandeja de entrada. La receta es un <strong>archivo PDF<\/strong>\u00a0que puedes visualizar desde tu m\u00f3vil, desde tu ordenador, desde tu tablet\u2026<\/p>\n<p><strong>Importante<\/strong>:\u00a0<strong>El link de descarga tiene una validez de 15 d\u00edas<\/strong>. Es muy importante que descargues y guardes la receta en tu dispositivo.<\/p>\n<p>Recuerda que adem\u00e1s lo puedes\u00a0<strong>imprimir<\/strong>\u00a0y tenerlo en la cocina junto a tus libros de cocina favoritos.<\/p>\n<p>&#8212;&#8212;&#8212;<\/p>\n<p>No se admiten devoluciones en este tipo de productos digitales.<\/p>\n","protected":false},"excerpt":{"rendered":"<h3><strong>Lubina con olivada al horno.<\/strong><\/h3>\n<p>Lomos de lubina con olivada casera que se prepara en un momento, una combinaci\u00f3n que sorprende y triunfa.<\/p>\n<p>El pescado queda muy jugoso al horno y el toque se la olivada casera es brutal.<\/p>\n<p>Sin duda un plato sencillo para preparar para una cena especial para los de casa, amigos o familia. Sin complicaciones, que puedes preparar parte con antelaci\u00f3n y luego acabar al horno en una par de minutos.<\/p>\n","protected":false},"featured_media":9300,"comment_status":"open","ping_status":"closed","template":"","meta":{"_coblocks_attr":"","_coblocks_dimensions":"","_coblocks_responsive_height":"","_coblocks_accordion_ie_support":"","_crdt_document":""},"product_brand":[],"product_cat":[1384,1376],"product_tag":[1405,1403,1404,1406,1385,1375,1407],"class_list":{"0":"post-9315","1":"product","2":"type-product","3":"status-publish","4":"has-post-thumbnail","6":"product_cat-receta-digital","7":"product_cat-receta-individual","8":"product_tag-horno","9":"product_tag-lubina","10":"product_tag-olivada","11":"product_tag-pescado","12":"product_tag-receta-digital","13":"product_tag-receta-individual","14":"product_tag-temporada","16":"first","17":"instock","18":"downloadable","19":"virtual","20":"taxable","21":"purchasable","22":"product-type-simple"},"yoast_head":"<!-- This site is optimized with the Yoast SEO Premium plugin v24.9 (Yoast SEO v27.0) - https:\/\/yoast.com\/product\/yoast-seo-premium-wordpress\/ -->\n<title>Lubina con olivada - Receta individual DIGITAL - RootsandCook<\/title>\n<meta name=\"description\" content=\"Lubina con olivada al horno - Recetas individuales - DIGITAL. Una combinaci\u00f3n riqu\u00edsima y s\u00faper f\u00e1cil de preparar.\" \/>\n<meta name=\"robots\" content=\"index, follow, max-snippet:-1, max-image-preview:large, max-video-preview:-1\" \/>\n<link rel=\"canonical\" href=\"https:\/\/rootsandcook.com\/es\/producto\/lubina-con-olivada-receta-individual-digital\/\" \/>\n<meta property=\"og:locale\" content=\"es_ES\" \/>\n<meta property=\"og:type\" content=\"article\" \/>\n<meta property=\"og:title\" content=\"Lubina con olivada - Receta individual DIGITAL\" \/>\n<meta property=\"og:description\" content=\"Lubina con olivada al horno - Recetas individuales - DIGITAL. Una combinaci\u00f3n riqu\u00edsima y s\u00faper f\u00e1cil de preparar.\" \/>\n<meta property=\"og:url\" content=\"https:\/\/rootsandcook.com\/es\/producto\/lubina-con-olivada-receta-individual-digital\/\" \/>\n<meta property=\"og:site_name\" content=\"RootsandCook\" \/>\n<meta property=\"article:publisher\" content=\"https:\/\/www.facebook.com\/rootsandcook\/\" \/>\n<meta property=\"article:modified_time\" content=\"2024-03-14T14:50:44+00:00\" \/>\n<meta property=\"og:image\" content=\"https:\/\/rootsandcook.com\/wp-content\/uploads\/2022\/03\/Lubina-con-olivada-al-horno-min.jpg\" \/>\n\t<meta property=\"og:image:width\" content=\"600\" \/>\n\t<meta property=\"og:image:height\" content=\"450\" \/>\n\t<meta property=\"og:image:type\" content=\"image\/jpeg\" \/>\n<meta name=\"twitter:card\" content=\"summary_large_image\" \/>\n<script type=\"application\/ld+json\" class=\"yoast-schema-graph\">{\"@context\":\"https:\/\/schema.org\",\"@graph\":[{\"@type\":\"WebPage\",\"@id\":\"https:\/\/rootsandcook.com\/es\/producto\/lubina-con-olivada-receta-individual-digital\/\",\"url\":\"https:\/\/rootsandcook.com\/es\/producto\/lubina-con-olivada-receta-individual-digital\/\",\"name\":\"Lubina con olivada - Receta individual DIGITAL - RootsandCook\",\"isPartOf\":{\"@id\":\"https:\/\/rootsandcook.com\/es\/#website\"},\"primaryImageOfPage\":{\"@id\":\"https:\/\/rootsandcook.com\/es\/producto\/lubina-con-olivada-receta-individual-digital\/#primaryimage\"},\"image\":{\"@id\":\"https:\/\/rootsandcook.com\/es\/producto\/lubina-con-olivada-receta-individual-digital\/#primaryimage\"},\"thumbnailUrl\":\"https:\/\/rootsandcook.com\/wp-content\/uploads\/2022\/03\/Lubina-con-olivada-al-horno-min.jpg\",\"datePublished\":\"2022-03-03T18:31:12+00:00\",\"dateModified\":\"2024-03-14T14:50:44+00:00\",\"description\":\"Lubina con olivada al horno - Recetas individuales - DIGITAL. Una combinaci\u00f3n riqu\u00edsima y s\u00faper f\u00e1cil de preparar.\",\"breadcrumb\":{\"@id\":\"https:\/\/rootsandcook.com\/es\/producto\/lubina-con-olivada-receta-individual-digital\/#breadcrumb\"},\"inLanguage\":\"es-ES\",\"potentialAction\":[{\"@type\":\"ReadAction\",\"target\":[\"https:\/\/rootsandcook.com\/es\/producto\/lubina-con-olivada-receta-individual-digital\/\"]}]},{\"@type\":\"ImageObject\",\"inLanguage\":\"es-ES\",\"@id\":\"https:\/\/rootsandcook.com\/es\/producto\/lubina-con-olivada-receta-individual-digital\/#primaryimage\",\"url\":\"https:\/\/rootsandcook.com\/wp-content\/uploads\/2022\/03\/Lubina-con-olivada-al-horno-min.jpg\",\"contentUrl\":\"https:\/\/rootsandcook.com\/wp-content\/uploads\/2022\/03\/Lubina-con-olivada-al-horno-min.jpg\",\"width\":600,\"height\":450},{\"@type\":\"BreadcrumbList\",\"@id\":\"https:\/\/rootsandcook.com\/es\/producto\/lubina-con-olivada-receta-individual-digital\/#breadcrumb\",\"itemListElement\":[{\"@type\":\"ListItem\",\"position\":1,\"name\":\"Home\",\"item\":\"https:\/\/rootsandcook.com\/es\/\"},{\"@type\":\"ListItem\",\"position\":2,\"name\":\"Tienda\",\"item\":\"https:\/\/rootsandcook.com\/es\/tienda\/\"},{\"@type\":\"ListItem\",\"position\":3,\"name\":\"Lubina con olivada &#8211; Receta individual DIGITAL\"}]},{\"@type\":\"WebSite\",\"@id\":\"https:\/\/rootsandcook.com\/es\/#website\",\"url\":\"https:\/\/rootsandcook.com\/es\/\",\"name\":\"RootsandCook\",\"description\":\"Fresh seasonal recipes and more\",\"publisher\":{\"@id\":\"https:\/\/rootsandcook.com\/es\/#\/schema\/person\/18f44a39b0ae9be87eaea6e475f55041\"},\"potentialAction\":[{\"@type\":\"SearchAction\",\"target\":{\"@type\":\"EntryPoint\",\"urlTemplate\":\"https:\/\/rootsandcook.com\/es\/?s={search_term_string}\"},\"query-input\":{\"@type\":\"PropertyValueSpecification\",\"valueRequired\":true,\"valueName\":\"search_term_string\"}}],\"inLanguage\":\"es-ES\"},{\"@type\":[\"Person\",\"Organization\"],\"@id\":\"https:\/\/rootsandcook.com\/es\/#\/schema\/person\/18f44a39b0ae9be87eaea6e475f55041\",\"name\":\"Enara Parra\",\"image\":{\"@type\":\"ImageObject\",\"inLanguage\":\"es-ES\",\"@id\":\"https:\/\/rootsandcook.com\/es\/#\/schema\/person\/image\/\",\"url\":\"https:\/\/rootsandcook.com\/wp-content\/uploads\/2022\/04\/cropped-rootsandcook-main-web-logo.png\",\"contentUrl\":\"https:\/\/rootsandcook.com\/wp-content\/uploads\/2022\/04\/cropped-rootsandcook-main-web-logo.png\",\"width\":907,\"height\":209,\"caption\":\"Enara Parra\"},\"logo\":{\"@id\":\"https:\/\/rootsandcook.com\/es\/#\/schema\/person\/image\/\"},\"sameAs\":[\"https:\/\/rootsandcook.com\",\"https:\/\/www.facebook.com\/rootsandcook\/\",\"https:\/\/www.instagram.com\/rootsandcook\/\",\"https:\/\/www.pinterest.com\/rootsandcook\/\",\"https:\/\/www.youtube.com\/rootsandcook\"]}]}<\/script>\n<!-- \/ Yoast SEO Premium plugin. -->","yoast_head_json":{"title":"Lubina con olivada - Receta individual DIGITAL - RootsandCook","description":"Lubina con olivada al horno - Recetas individuales - DIGITAL. Una combinaci\u00f3n riqu\u00edsima y s\u00faper f\u00e1cil de preparar.","robots":{"index":"index","follow":"follow","max-snippet":"max-snippet:-1","max-image-preview":"max-image-preview:large","max-video-preview":"max-video-preview:-1"},"canonical":"https:\/\/rootsandcook.com\/es\/producto\/lubina-con-olivada-receta-individual-digital\/","og_locale":"es_ES","og_type":"article","og_title":"Lubina con olivada - Receta individual DIGITAL","og_description":"Lubina con olivada al horno - Recetas individuales - DIGITAL. Una combinaci\u00f3n riqu\u00edsima y s\u00faper f\u00e1cil de preparar.","og_url":"https:\/\/rootsandcook.com\/es\/producto\/lubina-con-olivada-receta-individual-digital\/","og_site_name":"RootsandCook","article_publisher":"https:\/\/www.facebook.com\/rootsandcook\/","article_modified_time":"2024-03-14T14:50:44+00:00","og_image":[{"width":600,"height":450,"url":"https:\/\/rootsandcook.com\/wp-content\/uploads\/2022\/03\/Lubina-con-olivada-al-horno-min.jpg","type":"image\/jpeg"}],"twitter_card":"summary_large_image","schema":{"@context":"https:\/\/schema.org","@graph":[{"@type":"WebPage","@id":"https:\/\/rootsandcook.com\/es\/producto\/lubina-con-olivada-receta-individual-digital\/","url":"https:\/\/rootsandcook.com\/es\/producto\/lubina-con-olivada-receta-individual-digital\/","name":"Lubina con olivada - Receta individual DIGITAL - RootsandCook","isPartOf":{"@id":"https:\/\/rootsandcook.com\/es\/#website"},"primaryImageOfPage":{"@id":"https:\/\/rootsandcook.com\/es\/producto\/lubina-con-olivada-receta-individual-digital\/#primaryimage"},"image":{"@id":"https:\/\/rootsandcook.com\/es\/producto\/lubina-con-olivada-receta-individual-digital\/#primaryimage"},"thumbnailUrl":"https:\/\/rootsandcook.com\/wp-content\/uploads\/2022\/03\/Lubina-con-olivada-al-horno-min.jpg","datePublished":"2022-03-03T18:31:12+00:00","dateModified":"2024-03-14T14:50:44+00:00","description":"Lubina con olivada al horno - Recetas individuales - DIGITAL. Una combinaci\u00f3n riqu\u00edsima y s\u00faper f\u00e1cil de preparar.","breadcrumb":{"@id":"https:\/\/rootsandcook.com\/es\/producto\/lubina-con-olivada-receta-individual-digital\/#breadcrumb"},"inLanguage":"es-ES","potentialAction":[{"@type":"ReadAction","target":["https:\/\/rootsandcook.com\/es\/producto\/lubina-con-olivada-receta-individual-digital\/"]}]},{"@type":"ImageObject","inLanguage":"es-ES","@id":"https:\/\/rootsandcook.com\/es\/producto\/lubina-con-olivada-receta-individual-digital\/#primaryimage","url":"https:\/\/rootsandcook.com\/wp-content\/uploads\/2022\/03\/Lubina-con-olivada-al-horno-min.jpg","contentUrl":"https:\/\/rootsandcook.com\/wp-content\/uploads\/2022\/03\/Lubina-con-olivada-al-horno-min.jpg","width":600,"height":450},{"@type":"BreadcrumbList","@id":"https:\/\/rootsandcook.com\/es\/producto\/lubina-con-olivada-receta-individual-digital\/#breadcrumb","itemListElement":[{"@type":"ListItem","position":1,"name":"Home","item":"https:\/\/rootsandcook.com\/es\/"},{"@type":"ListItem","position":2,"name":"Tienda","item":"https:\/\/rootsandcook.com\/es\/tienda\/"},{"@type":"ListItem","position":3,"name":"Lubina con olivada &#8211; Receta individual DIGITAL"}]},{"@type":"WebSite","@id":"https:\/\/rootsandcook.com\/es\/#website","url":"https:\/\/rootsandcook.com\/es\/","name":"RootsandCook","description":"Fresh seasonal recipes and more","publisher":{"@id":"https:\/\/rootsandcook.com\/es\/#\/schema\/person\/18f44a39b0ae9be87eaea6e475f55041"},"potentialAction":[{"@type":"SearchAction","target":{"@type":"EntryPoint","urlTemplate":"https:\/\/rootsandcook.com\/es\/?s={search_term_string}"},"query-input":{"@type":"PropertyValueSpecification","valueRequired":true,"valueName":"search_term_string"}}],"inLanguage":"es-ES"},{"@type":["Person","Organization"],"@id":"https:\/\/rootsandcook.com\/es\/#\/schema\/person\/18f44a39b0ae9be87eaea6e475f55041","name":"Enara Parra","image":{"@type":"ImageObject","inLanguage":"es-ES","@id":"https:\/\/rootsandcook.com\/es\/#\/schema\/person\/image\/","url":"https:\/\/rootsandcook.com\/wp-content\/uploads\/2022\/04\/cropped-rootsandcook-main-web-logo.png","contentUrl":"https:\/\/rootsandcook.com\/wp-content\/uploads\/2022\/04\/cropped-rootsandcook-main-web-logo.png","width":907,"height":209,"caption":"Enara Parra"},"logo":{"@id":"https:\/\/rootsandcook.com\/es\/#\/schema\/person\/image\/"},"sameAs":["https:\/\/rootsandcook.com","https:\/\/www.facebook.com\/rootsandcook\/","https:\/\/www.instagram.com\/rootsandcook\/","https:\/\/www.pinterest.com\/rootsandcook\/","https:\/\/www.youtube.com\/rootsandcook"]}]}},"jetpack-related-posts":[],"jetpack_sharing_enabled":true,"_links":{"self":[{"href":"https:\/\/rootsandcook.com\/es\/wp-json\/wp\/v2\/product\/9315","targetHints":{"allow":["GET"]}}],"collection":[{"href":"https:\/\/rootsandcook.com\/es\/wp-json\/wp\/v2\/product"}],"about":[{"href":"https:\/\/rootsandcook.com\/es\/wp-json\/wp\/v2\/types\/product"}],"replies":[{"embeddable":true,"href":"https:\/\/rootsandcook.com\/es\/wp-json\/wp\/v2\/comments?post=9315"}],"wp:featuredmedia":[{"embeddable":true,"href":"https:\/\/rootsandcook.com\/es\/wp-json\/wp\/v2\/media\/9300"}],"wp:attachment":[{"href":"https:\/\/rootsandcook.com\/es\/wp-json\/wp\/v2\/media?parent=9315"}],"wp:term":[{"taxonomy":"product_brand","embeddable":true,"href":"https:\/\/rootsandcook.com\/es\/wp-json\/wp\/v2\/product_brand?post=9315"},{"taxonomy":"product_cat","embeddable":true,"href":"https:\/\/rootsandcook.com\/es\/wp-json\/wp\/v2\/product_cat?post=9315"},{"taxonomy":"product_tag","embeddable":true,"href":"https:\/\/rootsandcook.com\/es\/wp-json\/wp\/v2\/product_tag?post=9315"}],"curies":[{"name":"wp","href":"https:\/\/api.w.org\/{rel}","templated":true}]}}