{"id":9256,"date":"2022-03-03T13:04:16","date_gmt":"2022-03-03T11:04:16","guid":{"rendered":"https:\/\/rootsandcook.com\/?post_type=product&#038;p=9256"},"modified":"2024-03-14T16:51:19","modified_gmt":"2024-03-14T14:51:19","slug":"pollo-relleno-olla-lenta-receta-individual-digital","status":"publish","type":"product","link":"https:\/\/rootsandcook.com\/es\/producto\/pollo-relleno-olla-lenta-receta-individual-digital\/","title":{"rendered":"Pollo relleno &#8211; Olla lenta &#8211; Receta individual DIGITAL"},"content":{"rendered":"<p>Pollo relleno oto\u00f1al &#8211; Receta Individual versi\u00f3n DIGITAL (PDF)<\/p>\n<p><b>Formato:<\/b><\/p>\n<p>Una vez que finalices la compra, podr\u00e1s descargar la receta digital directamente o desde el <strong>email<\/strong> que recibir\u00e1s en tu bandeja de entrada. La receta es un <strong>archivo PDF<\/strong>\u00a0que puedes visualizar desde tu m\u00f3vil, desde tu ordenador, desde tu tablet\u2026<\/p>\n<p><strong>Importante<\/strong>:\u00a0<strong>El link de descarga tiene una validez de 15 d\u00edas<\/strong>. Es muy importante que descargues y guardes la receta en tu dispositivo.<\/p>\n<p>Recuerda que adem\u00e1s lo puedes\u00a0<strong>imprimir<\/strong>\u00a0y tenerlo en la cocina junto a tus libros de cocina favoritos.<\/p>\n<p>&#8212;&#8212;&#8212;<\/p>\n<p>No se admiten devoluciones en este tipo de productos digitales.<\/p>\n","protected":false},"excerpt":{"rendered":"<h3><strong>Pollo relleno oto\u00f1al en olla lenta<\/strong><\/h3>\n<p>Pollo relleno de casta\u00f1as, setas, uva&#8230; lleno de sabor para darle un toque tan diferente al pollo asado en la olla lenta.<\/p>\n<p>Las casta\u00f1as cocidas son un producto muy f\u00e1cil de encontrar y que se pueden conseguir durante todo el a\u00f1o. Lo mismo pasa con las setas que en este caso uso setas deshidratadas para preparar un relleno muy especial.<\/p>\n<p>Si quieres preparar un pollo asado diferente y lleno de sabor pero que no sea muy dif\u00edcil, esta es tu receta.<\/p>\n","protected":false},"featured_media":9261,"comment_status":"open","ping_status":"closed","template":"","meta":{"_coblocks_attr":"","_coblocks_dimensions":"","_coblocks_responsive_height":"","_coblocks_accordion_ie_support":"","_crdt_document":""},"product_brand":[],"product_cat":[1384,1376],"product_tag":[1390,1321,1388,1389,1385,1375],"class_list":{"0":"post-9256","1":"product","2":"type-product","3":"status-publish","4":"has-post-thumbnail","6":"product_cat-receta-digital","7":"product_cat-receta-individual","8":"product_tag-crockpot","9":"product_tag-olla-lenta","10":"product_tag-pollo","11":"product_tag-pollo-asado","12":"product_tag-receta-digital","13":"product_tag-receta-individual","15":"first","16":"instock","17":"downloadable","18":"virtual","19":"taxable","20":"purchasable","21":"product-type-simple"},"yoast_head":"<!-- This site is optimized with the Yoast SEO Premium plugin v24.9 (Yoast SEO v27.0) - https:\/\/yoast.com\/product\/yoast-seo-premium-wordpress\/ -->\n<title>Pollo relleno - Olla lenta - Receta individual DIGITAL - RootsandCook<\/title>\n<meta name=\"description\" content=\"Pollo relleno oto\u00f1al en olla lenta - Receta individual - DIGITAL. Jugosa, sabrosa y muy f\u00e1cil de preparar para ocasiones especiales.\" \/>\n<meta name=\"robots\" content=\"index, follow, max-snippet:-1, max-image-preview:large, max-video-preview:-1\" \/>\n<link rel=\"canonical\" href=\"https:\/\/rootsandcook.com\/es\/producto\/pollo-relleno-olla-lenta-receta-individual-digital\/\" \/>\n<meta property=\"og:locale\" content=\"es_ES\" \/>\n<meta property=\"og:type\" content=\"article\" \/>\n<meta property=\"og:title\" content=\"Pollo relleno - Olla lenta - Receta individual DIGITAL\" \/>\n<meta property=\"og:description\" content=\"Pollo relleno oto\u00f1al en olla lenta - Receta individual - DIGITAL. Jugosa, sabrosa y muy f\u00e1cil de preparar para ocasiones especiales.\" \/>\n<meta property=\"og:url\" content=\"https:\/\/rootsandcook.com\/es\/producto\/pollo-relleno-olla-lenta-receta-individual-digital\/\" \/>\n<meta property=\"og:site_name\" content=\"RootsandCook\" \/>\n<meta property=\"article:publisher\" content=\"https:\/\/www.facebook.com\/rootsandcook\/\" \/>\n<meta property=\"article:modified_time\" content=\"2024-03-14T14:51:19+00:00\" \/>\n<meta property=\"og:image\" content=\"https:\/\/rootsandcook.com\/wp-content\/uploads\/2022\/03\/pollo-relleno-olla-lenta-3-min-scaled.jpg\" \/>\n\t<meta property=\"og:image:width\" content=\"2560\" \/>\n\t<meta property=\"og:image:height\" content=\"1920\" \/>\n\t<meta property=\"og:image:type\" content=\"image\/jpeg\" \/>\n<meta name=\"twitter:card\" content=\"summary_large_image\" \/>\n<script type=\"application\/ld+json\" class=\"yoast-schema-graph\">{\"@context\":\"https:\/\/schema.org\",\"@graph\":[{\"@type\":\"WebPage\",\"@id\":\"https:\/\/rootsandcook.com\/es\/producto\/pollo-relleno-olla-lenta-receta-individual-digital\/\",\"url\":\"https:\/\/rootsandcook.com\/es\/producto\/pollo-relleno-olla-lenta-receta-individual-digital\/\",\"name\":\"Pollo relleno - Olla lenta - Receta individual DIGITAL - RootsandCook\",\"isPartOf\":{\"@id\":\"https:\/\/rootsandcook.com\/es\/#website\"},\"primaryImageOfPage\":{\"@id\":\"https:\/\/rootsandcook.com\/es\/producto\/pollo-relleno-olla-lenta-receta-individual-digital\/#primaryimage\"},\"image\":{\"@id\":\"https:\/\/rootsandcook.com\/es\/producto\/pollo-relleno-olla-lenta-receta-individual-digital\/#primaryimage\"},\"thumbnailUrl\":\"https:\/\/rootsandcook.com\/wp-content\/uploads\/2022\/03\/pollo-relleno-olla-lenta-3-min-scaled.jpg\",\"datePublished\":\"2022-03-03T11:04:16+00:00\",\"dateModified\":\"2024-03-14T14:51:19+00:00\",\"description\":\"Pollo relleno oto\u00f1al en olla lenta - Receta individual - DIGITAL. Jugosa, sabrosa y muy f\u00e1cil de preparar para ocasiones especiales.\",\"breadcrumb\":{\"@id\":\"https:\/\/rootsandcook.com\/es\/producto\/pollo-relleno-olla-lenta-receta-individual-digital\/#breadcrumb\"},\"inLanguage\":\"es-ES\",\"potentialAction\":[{\"@type\":\"ReadAction\",\"target\":[\"https:\/\/rootsandcook.com\/es\/producto\/pollo-relleno-olla-lenta-receta-individual-digital\/\"]}]},{\"@type\":\"ImageObject\",\"inLanguage\":\"es-ES\",\"@id\":\"https:\/\/rootsandcook.com\/es\/producto\/pollo-relleno-olla-lenta-receta-individual-digital\/#primaryimage\",\"url\":\"https:\/\/rootsandcook.com\/wp-content\/uploads\/2022\/03\/pollo-relleno-olla-lenta-3-min-scaled.jpg\",\"contentUrl\":\"https:\/\/rootsandcook.com\/wp-content\/uploads\/2022\/03\/pollo-relleno-olla-lenta-3-min-scaled.jpg\",\"width\":2560,\"height\":1920},{\"@type\":\"BreadcrumbList\",\"@id\":\"https:\/\/rootsandcook.com\/es\/producto\/pollo-relleno-olla-lenta-receta-individual-digital\/#breadcrumb\",\"itemListElement\":[{\"@type\":\"ListItem\",\"position\":1,\"name\":\"Home\",\"item\":\"https:\/\/rootsandcook.com\/es\/\"},{\"@type\":\"ListItem\",\"position\":2,\"name\":\"Tienda\",\"item\":\"https:\/\/rootsandcook.com\/es\/tienda\/\"},{\"@type\":\"ListItem\",\"position\":3,\"name\":\"Pollo relleno &#8211; Olla lenta &#8211; Receta individual DIGITAL\"}]},{\"@type\":\"WebSite\",\"@id\":\"https:\/\/rootsandcook.com\/es\/#website\",\"url\":\"https:\/\/rootsandcook.com\/es\/\",\"name\":\"RootsandCook\",\"description\":\"Fresh seasonal recipes and more\",\"publisher\":{\"@id\":\"https:\/\/rootsandcook.com\/es\/#\/schema\/person\/18f44a39b0ae9be87eaea6e475f55041\"},\"potentialAction\":[{\"@type\":\"SearchAction\",\"target\":{\"@type\":\"EntryPoint\",\"urlTemplate\":\"https:\/\/rootsandcook.com\/es\/?s={search_term_string}\"},\"query-input\":{\"@type\":\"PropertyValueSpecification\",\"valueRequired\":true,\"valueName\":\"search_term_string\"}}],\"inLanguage\":\"es-ES\"},{\"@type\":[\"Person\",\"Organization\"],\"@id\":\"https:\/\/rootsandcook.com\/es\/#\/schema\/person\/18f44a39b0ae9be87eaea6e475f55041\",\"name\":\"Enara Parra\",\"image\":{\"@type\":\"ImageObject\",\"inLanguage\":\"es-ES\",\"@id\":\"https:\/\/rootsandcook.com\/es\/#\/schema\/person\/image\/\",\"url\":\"https:\/\/rootsandcook.com\/wp-content\/uploads\/2022\/04\/cropped-rootsandcook-main-web-logo.png\",\"contentUrl\":\"https:\/\/rootsandcook.com\/wp-content\/uploads\/2022\/04\/cropped-rootsandcook-main-web-logo.png\",\"width\":907,\"height\":209,\"caption\":\"Enara Parra\"},\"logo\":{\"@id\":\"https:\/\/rootsandcook.com\/es\/#\/schema\/person\/image\/\"},\"sameAs\":[\"https:\/\/rootsandcook.com\",\"https:\/\/www.facebook.com\/rootsandcook\/\",\"https:\/\/www.instagram.com\/rootsandcook\/\",\"https:\/\/www.pinterest.com\/rootsandcook\/\",\"https:\/\/www.youtube.com\/rootsandcook\"]}]}<\/script>\n<!-- \/ Yoast SEO Premium plugin. -->","yoast_head_json":{"title":"Pollo relleno - Olla lenta - Receta individual DIGITAL - RootsandCook","description":"Pollo relleno oto\u00f1al en olla lenta - Receta individual - DIGITAL. Jugosa, sabrosa y muy f\u00e1cil de preparar para ocasiones especiales.","robots":{"index":"index","follow":"follow","max-snippet":"max-snippet:-1","max-image-preview":"max-image-preview:large","max-video-preview":"max-video-preview:-1"},"canonical":"https:\/\/rootsandcook.com\/es\/producto\/pollo-relleno-olla-lenta-receta-individual-digital\/","og_locale":"es_ES","og_type":"article","og_title":"Pollo relleno - Olla lenta - Receta individual DIGITAL","og_description":"Pollo relleno oto\u00f1al en olla lenta - Receta individual - DIGITAL. Jugosa, sabrosa y muy f\u00e1cil de preparar para ocasiones especiales.","og_url":"https:\/\/rootsandcook.com\/es\/producto\/pollo-relleno-olla-lenta-receta-individual-digital\/","og_site_name":"RootsandCook","article_publisher":"https:\/\/www.facebook.com\/rootsandcook\/","article_modified_time":"2024-03-14T14:51:19+00:00","og_image":[{"width":2560,"height":1920,"url":"https:\/\/rootsandcook.com\/wp-content\/uploads\/2022\/03\/pollo-relleno-olla-lenta-3-min-scaled.jpg","type":"image\/jpeg"}],"twitter_card":"summary_large_image","schema":{"@context":"https:\/\/schema.org","@graph":[{"@type":"WebPage","@id":"https:\/\/rootsandcook.com\/es\/producto\/pollo-relleno-olla-lenta-receta-individual-digital\/","url":"https:\/\/rootsandcook.com\/es\/producto\/pollo-relleno-olla-lenta-receta-individual-digital\/","name":"Pollo relleno - Olla lenta - Receta individual DIGITAL - RootsandCook","isPartOf":{"@id":"https:\/\/rootsandcook.com\/es\/#website"},"primaryImageOfPage":{"@id":"https:\/\/rootsandcook.com\/es\/producto\/pollo-relleno-olla-lenta-receta-individual-digital\/#primaryimage"},"image":{"@id":"https:\/\/rootsandcook.com\/es\/producto\/pollo-relleno-olla-lenta-receta-individual-digital\/#primaryimage"},"thumbnailUrl":"https:\/\/rootsandcook.com\/wp-content\/uploads\/2022\/03\/pollo-relleno-olla-lenta-3-min-scaled.jpg","datePublished":"2022-03-03T11:04:16+00:00","dateModified":"2024-03-14T14:51:19+00:00","description":"Pollo relleno oto\u00f1al en olla lenta - Receta individual - DIGITAL. Jugosa, sabrosa y muy f\u00e1cil de preparar para ocasiones especiales.","breadcrumb":{"@id":"https:\/\/rootsandcook.com\/es\/producto\/pollo-relleno-olla-lenta-receta-individual-digital\/#breadcrumb"},"inLanguage":"es-ES","potentialAction":[{"@type":"ReadAction","target":["https:\/\/rootsandcook.com\/es\/producto\/pollo-relleno-olla-lenta-receta-individual-digital\/"]}]},{"@type":"ImageObject","inLanguage":"es-ES","@id":"https:\/\/rootsandcook.com\/es\/producto\/pollo-relleno-olla-lenta-receta-individual-digital\/#primaryimage","url":"https:\/\/rootsandcook.com\/wp-content\/uploads\/2022\/03\/pollo-relleno-olla-lenta-3-min-scaled.jpg","contentUrl":"https:\/\/rootsandcook.com\/wp-content\/uploads\/2022\/03\/pollo-relleno-olla-lenta-3-min-scaled.jpg","width":2560,"height":1920},{"@type":"BreadcrumbList","@id":"https:\/\/rootsandcook.com\/es\/producto\/pollo-relleno-olla-lenta-receta-individual-digital\/#breadcrumb","itemListElement":[{"@type":"ListItem","position":1,"name":"Home","item":"https:\/\/rootsandcook.com\/es\/"},{"@type":"ListItem","position":2,"name":"Tienda","item":"https:\/\/rootsandcook.com\/es\/tienda\/"},{"@type":"ListItem","position":3,"name":"Pollo relleno &#8211; Olla lenta &#8211; Receta individual DIGITAL"}]},{"@type":"WebSite","@id":"https:\/\/rootsandcook.com\/es\/#website","url":"https:\/\/rootsandcook.com\/es\/","name":"RootsandCook","description":"Fresh seasonal recipes and more","publisher":{"@id":"https:\/\/rootsandcook.com\/es\/#\/schema\/person\/18f44a39b0ae9be87eaea6e475f55041"},"potentialAction":[{"@type":"SearchAction","target":{"@type":"EntryPoint","urlTemplate":"https:\/\/rootsandcook.com\/es\/?s={search_term_string}"},"query-input":{"@type":"PropertyValueSpecification","valueRequired":true,"valueName":"search_term_string"}}],"inLanguage":"es-ES"},{"@type":["Person","Organization"],"@id":"https:\/\/rootsandcook.com\/es\/#\/schema\/person\/18f44a39b0ae9be87eaea6e475f55041","name":"Enara Parra","image":{"@type":"ImageObject","inLanguage":"es-ES","@id":"https:\/\/rootsandcook.com\/es\/#\/schema\/person\/image\/","url":"https:\/\/rootsandcook.com\/wp-content\/uploads\/2022\/04\/cropped-rootsandcook-main-web-logo.png","contentUrl":"https:\/\/rootsandcook.com\/wp-content\/uploads\/2022\/04\/cropped-rootsandcook-main-web-logo.png","width":907,"height":209,"caption":"Enara Parra"},"logo":{"@id":"https:\/\/rootsandcook.com\/es\/#\/schema\/person\/image\/"},"sameAs":["https:\/\/rootsandcook.com","https:\/\/www.facebook.com\/rootsandcook\/","https:\/\/www.instagram.com\/rootsandcook\/","https:\/\/www.pinterest.com\/rootsandcook\/","https:\/\/www.youtube.com\/rootsandcook"]}]}},"jetpack-related-posts":[],"jetpack_sharing_enabled":true,"_links":{"self":[{"href":"https:\/\/rootsandcook.com\/es\/wp-json\/wp\/v2\/product\/9256","targetHints":{"allow":["GET"]}}],"collection":[{"href":"https:\/\/rootsandcook.com\/es\/wp-json\/wp\/v2\/product"}],"about":[{"href":"https:\/\/rootsandcook.com\/es\/wp-json\/wp\/v2\/types\/product"}],"replies":[{"embeddable":true,"href":"https:\/\/rootsandcook.com\/es\/wp-json\/wp\/v2\/comments?post=9256"}],"wp:featuredmedia":[{"embeddable":true,"href":"https:\/\/rootsandcook.com\/es\/wp-json\/wp\/v2\/media\/9261"}],"wp:attachment":[{"href":"https:\/\/rootsandcook.com\/es\/wp-json\/wp\/v2\/media?parent=9256"}],"wp:term":[{"taxonomy":"product_brand","embeddable":true,"href":"https:\/\/rootsandcook.com\/es\/wp-json\/wp\/v2\/product_brand?post=9256"},{"taxonomy":"product_cat","embeddable":true,"href":"https:\/\/rootsandcook.com\/es\/wp-json\/wp\/v2\/product_cat?post=9256"},{"taxonomy":"product_tag","embeddable":true,"href":"https:\/\/rootsandcook.com\/es\/wp-json\/wp\/v2\/product_tag?post=9256"}],"curies":[{"name":"wp","href":"https:\/\/api.w.org\/{rel}","templated":true}]}}