{"id":6910,"date":"2021-05-16T12:41:03","date_gmt":"2021-05-16T10:41:03","guid":{"rendered":"https:\/\/rootsandcook.com\/?post_type=product&#038;p=6910"},"modified":"2026-04-09T00:19:20","modified_gmt":"2026-04-08T22:19:20","slug":"ebook-pescados-y-legumbres-olla-lenta","status":"publish","type":"product","link":"https:\/\/rootsandcook.com\/es\/producto\/ebook-pescados-y-legumbres-olla-lenta\/","title":{"rendered":"Ebook &#8211; Pescados y Legumbres &#8211; Olla lenta"},"content":{"rendered":"<p><strong>\u00bfQu\u00e9 contiene el Ebook?<\/strong><\/p>\n<p>Dentro de este libro electr\u00f3nico encontrar\u00e1s 30 recetas para olla lenta: 15 recetas de pescados + 15 recetas de legumbres. Adem\u00e1s de una gu\u00eda b\u00e1sica de tiempos de remojo y cocci\u00f3n de legumbres para que puedas adaptar todas tus recetas a la olla lenta.<\/p>\n<p>Estas son las recetas que encontrar\u00e1s dentro del Ebook:<\/p>\n<p><strong>PESCADOS:<\/strong><\/p>\n<p>Dorada a la sal<br \/>\nLubina con olivada<br \/>\nCaldo de pescado<br \/>\nMarmitako de bonito<br \/>\nBonito con tomate<br \/>\nSalm\u00f3n marinado con salsa de naranja<br \/>\nPisto con bacalao y huevo poch\u00e9<br \/>\nPulpo \u00e1 feira<br \/>\nPastel de merluza<br \/>\nGuiso de calamares<br \/>\nSardinas en escabeche<br \/>\nSalm\u00f3n con salsa teriyaki casera<br \/>\nAlb\u00f3ndigas de bacalao<br \/>\nAlb\u00f3ndigas de salm\u00f3n<br \/>\nPastel de salm\u00f3n y espinacas<\/p>\n<p><strong>LEGUMBRES:<\/strong><\/p>\n<p>Gu\u00eda de tiempos<br \/>\nB\u00e1sicos<br \/>\nLentejas con verdura express<br \/>\nAlubias blancas con pulpo<br \/>\nAlubias blancas b\u00e1sicas<br \/>\nAlubias blancas con almejas<br \/>\nAlubias rojas con berza<br \/>\nGarbanzos con acelgas<br \/>\nGarbanzos con gambas al ajillo<br \/>\nGarbanzos con rape en salsa verde<br \/>\nGarbanzos al curry<br \/>\nGarbanzos con bacala<br \/>\nDahl de lentejas roja<br \/>\nUntable de alubias blancas<br \/>\nEnsalada de oto\u00f1o de lentejas<br \/>\nEnsalada de alubias blancas<br \/>\nEnsalada de garbanzos<\/p>\n<p><strong>\u00bfQu\u00e9 recibir\u00e9?<\/strong><\/p>\n<p>Una vez que finalices tu compra, podr\u00e1s descargar el Ebook directamente o desde el <strong>email<\/strong> que recibir\u00e1s en tu bandeja de entrada. El Ebook es un <strong>archivo PDF<\/strong> que puedes visualizar desde tu m\u00f3vil, desde tu ordenador, desde tu tablet\u2026<\/p>\n<p><strong>Importante<\/strong>: <strong>El link de descarga tiene una validez de 15 d\u00edas<\/strong>. Es muy importante que descargues y guardes el Ebook en tu dispositivo.<\/p>\n<p>Recuerda que adem\u00e1s lo puedes <strong>imprimir<\/strong> y tenerlo en la cocina junto a tus libros de cocina favoritos.<\/p>\n","protected":false},"excerpt":{"rendered":"<p>30 recetas saludables de pescados y legumbres para la olla lenta. 15 recetas de legumbres y 15 de pescados para que le saques el m\u00e1ximo partido a la olla lenta.<\/p>\n<p>Encontrar\u00e1s m\u00e1s informaci\u00f3n y el \u00edndice de las recetas en la pesta\u00f1a de DESCRIPCI\u00d3N que est\u00e1 m\u00e1s abajo.<\/p>\n","protected":false},"featured_media":6484,"comment_status":"open","ping_status":"closed","template":"","meta":{"_coblocks_attr":"","_coblocks_dimensions":"","_coblocks_responsive_height":"","_coblocks_accordion_ie_support":"","_crdt_document":""},"product_brand":[],"product_cat":[987],"product_tag":[1154,1321,1155],"class_list":{"0":"post-6910","1":"product","2":"type-product","3":"status-publish","4":"has-post-thumbnail","6":"product_cat-sin-categoria","7":"product_tag-ebook-es","8":"product_tag-olla-lenta","9":"product_tag-slow-cooker-es","11":"first","12":"instock","13":"downloadable","14":"virtual","15":"taxable","16":"purchasable","17":"product-type-simple"},"yoast_head":"<!-- This site is optimized with the Yoast SEO Premium plugin v24.9 (Yoast SEO v27.0) - https:\/\/yoast.com\/product\/yoast-seo-premium-wordpress\/ -->\n<title>Ebook - Pescados y Legumbres - Olla lenta - RootsandCook<\/title>\n<meta name=\"description\" content=\"30 recetas SALUDABLES de pescados y legumbres para la olla lenta. Dorada a la sal, pastel de merluza, ensalada de garbanzos, alubias\u2026\" \/>\n<meta name=\"robots\" content=\"index, follow, max-snippet:-1, max-image-preview:large, max-video-preview:-1\" \/>\n<link rel=\"canonical\" href=\"https:\/\/rootsandcook.com\/es\/producto\/ebook-pescados-y-legumbres-olla-lenta\/\" \/>\n<meta property=\"og:locale\" content=\"es_ES\" \/>\n<meta property=\"og:type\" content=\"article\" \/>\n<meta property=\"og:title\" content=\"Ebook - Pescados y Legumbres - Olla lenta\" \/>\n<meta property=\"og:description\" content=\"30 recetas SALUDABLES de pescados y legumbres para la olla lenta. Dorada a la sal, pastel de merluza, ensalada de garbanzos, alubias\u2026\" \/>\n<meta property=\"og:url\" content=\"https:\/\/rootsandcook.com\/es\/producto\/ebook-pescados-y-legumbres-olla-lenta\/\" \/>\n<meta property=\"og:site_name\" content=\"RootsandCook\" \/>\n<meta property=\"article:publisher\" content=\"https:\/\/www.facebook.com\/rootsandcook\/\" \/>\n<meta property=\"article:modified_time\" content=\"2026-04-08T22:19:20+00:00\" \/>\n<meta property=\"og:image\" content=\"https:\/\/rootsandcook.com\/wp-content\/uploads\/2021\/04\/Portada-para-la-web_SMALL.jpg\" \/>\n\t<meta property=\"og:image:width\" content=\"588\" \/>\n\t<meta property=\"og:image:height\" content=\"589\" \/>\n\t<meta property=\"og:image:type\" content=\"image\/jpeg\" \/>\n<meta name=\"twitter:card\" content=\"summary_large_image\" \/>\n<script type=\"application\/ld+json\" class=\"yoast-schema-graph\">{\"@context\":\"https:\/\/schema.org\",\"@graph\":[{\"@type\":\"WebPage\",\"@id\":\"https:\/\/rootsandcook.com\/es\/producto\/ebook-pescados-y-legumbres-olla-lenta\/\",\"url\":\"https:\/\/rootsandcook.com\/es\/producto\/ebook-pescados-y-legumbres-olla-lenta\/\",\"name\":\"Ebook - Pescados y Legumbres - Olla lenta - RootsandCook\",\"isPartOf\":{\"@id\":\"https:\/\/rootsandcook.com\/es\/#website\"},\"primaryImageOfPage\":{\"@id\":\"https:\/\/rootsandcook.com\/es\/producto\/ebook-pescados-y-legumbres-olla-lenta\/#primaryimage\"},\"image\":{\"@id\":\"https:\/\/rootsandcook.com\/es\/producto\/ebook-pescados-y-legumbres-olla-lenta\/#primaryimage\"},\"thumbnailUrl\":\"https:\/\/rootsandcook.com\/wp-content\/uploads\/2021\/04\/Portada-para-la-web_SMALL.jpg\",\"datePublished\":\"2021-05-16T10:41:03+00:00\",\"dateModified\":\"2026-04-08T22:19:20+00:00\",\"description\":\"30 recetas SALUDABLES de pescados y legumbres para la olla lenta. Dorada a la sal, pastel de merluza, ensalada de garbanzos, alubias\u2026\",\"breadcrumb\":{\"@id\":\"https:\/\/rootsandcook.com\/es\/producto\/ebook-pescados-y-legumbres-olla-lenta\/#breadcrumb\"},\"inLanguage\":\"es-ES\",\"potentialAction\":[{\"@type\":\"ReadAction\",\"target\":[\"https:\/\/rootsandcook.com\/es\/producto\/ebook-pescados-y-legumbres-olla-lenta\/\"]}]},{\"@type\":\"ImageObject\",\"inLanguage\":\"es-ES\",\"@id\":\"https:\/\/rootsandcook.com\/es\/producto\/ebook-pescados-y-legumbres-olla-lenta\/#primaryimage\",\"url\":\"https:\/\/rootsandcook.com\/wp-content\/uploads\/2021\/04\/Portada-para-la-web_SMALL.jpg\",\"contentUrl\":\"https:\/\/rootsandcook.com\/wp-content\/uploads\/2021\/04\/Portada-para-la-web_SMALL.jpg\",\"width\":588,\"height\":589,\"caption\":\"Portada del Ebook pescados y legumbres-recetas para olla lenta - rootsandcook_small\"},{\"@type\":\"BreadcrumbList\",\"@id\":\"https:\/\/rootsandcook.com\/es\/producto\/ebook-pescados-y-legumbres-olla-lenta\/#breadcrumb\",\"itemListElement\":[{\"@type\":\"ListItem\",\"position\":1,\"name\":\"Home\",\"item\":\"https:\/\/rootsandcook.com\/es\/\"},{\"@type\":\"ListItem\",\"position\":2,\"name\":\"Tienda\",\"item\":\"https:\/\/rootsandcook.com\/es\/tienda\/\"},{\"@type\":\"ListItem\",\"position\":3,\"name\":\"Ebook &#8211; Pescados y Legumbres &#8211; Olla lenta\"}]},{\"@type\":\"WebSite\",\"@id\":\"https:\/\/rootsandcook.com\/es\/#website\",\"url\":\"https:\/\/rootsandcook.com\/es\/\",\"name\":\"RootsandCook\",\"description\":\"Fresh seasonal recipes and more\",\"publisher\":{\"@id\":\"https:\/\/rootsandcook.com\/es\/#\/schema\/person\/18f44a39b0ae9be87eaea6e475f55041\"},\"potentialAction\":[{\"@type\":\"SearchAction\",\"target\":{\"@type\":\"EntryPoint\",\"urlTemplate\":\"https:\/\/rootsandcook.com\/es\/?s={search_term_string}\"},\"query-input\":{\"@type\":\"PropertyValueSpecification\",\"valueRequired\":true,\"valueName\":\"search_term_string\"}}],\"inLanguage\":\"es-ES\"},{\"@type\":[\"Person\",\"Organization\"],\"@id\":\"https:\/\/rootsandcook.com\/es\/#\/schema\/person\/18f44a39b0ae9be87eaea6e475f55041\",\"name\":\"Enara Parra\",\"image\":{\"@type\":\"ImageObject\",\"inLanguage\":\"es-ES\",\"@id\":\"https:\/\/rootsandcook.com\/es\/#\/schema\/person\/image\/\",\"url\":\"https:\/\/rootsandcook.com\/wp-content\/uploads\/2022\/04\/cropped-rootsandcook-main-web-logo.png\",\"contentUrl\":\"https:\/\/rootsandcook.com\/wp-content\/uploads\/2022\/04\/cropped-rootsandcook-main-web-logo.png\",\"width\":907,\"height\":209,\"caption\":\"Enara Parra\"},\"logo\":{\"@id\":\"https:\/\/rootsandcook.com\/es\/#\/schema\/person\/image\/\"},\"sameAs\":[\"https:\/\/rootsandcook.com\",\"https:\/\/www.facebook.com\/rootsandcook\/\",\"https:\/\/www.instagram.com\/rootsandcook\/\",\"https:\/\/www.pinterest.com\/rootsandcook\/\",\"https:\/\/www.youtube.com\/rootsandcook\"]}]}<\/script>\n<!-- \/ Yoast SEO Premium plugin. -->","yoast_head_json":{"title":"Ebook - Pescados y Legumbres - Olla lenta - RootsandCook","description":"30 recetas SALUDABLES de pescados y legumbres para la olla lenta. Dorada a la sal, pastel de merluza, ensalada de garbanzos, alubias\u2026","robots":{"index":"index","follow":"follow","max-snippet":"max-snippet:-1","max-image-preview":"max-image-preview:large","max-video-preview":"max-video-preview:-1"},"canonical":"https:\/\/rootsandcook.com\/es\/producto\/ebook-pescados-y-legumbres-olla-lenta\/","og_locale":"es_ES","og_type":"article","og_title":"Ebook - Pescados y Legumbres - Olla lenta","og_description":"30 recetas SALUDABLES de pescados y legumbres para la olla lenta. Dorada a la sal, pastel de merluza, ensalada de garbanzos, alubias\u2026","og_url":"https:\/\/rootsandcook.com\/es\/producto\/ebook-pescados-y-legumbres-olla-lenta\/","og_site_name":"RootsandCook","article_publisher":"https:\/\/www.facebook.com\/rootsandcook\/","article_modified_time":"2026-04-08T22:19:20+00:00","og_image":[{"width":588,"height":589,"url":"https:\/\/rootsandcook.com\/wp-content\/uploads\/2021\/04\/Portada-para-la-web_SMALL.jpg","type":"image\/jpeg"}],"twitter_card":"summary_large_image","schema":{"@context":"https:\/\/schema.org","@graph":[{"@type":"WebPage","@id":"https:\/\/rootsandcook.com\/es\/producto\/ebook-pescados-y-legumbres-olla-lenta\/","url":"https:\/\/rootsandcook.com\/es\/producto\/ebook-pescados-y-legumbres-olla-lenta\/","name":"Ebook - Pescados y Legumbres - Olla lenta - RootsandCook","isPartOf":{"@id":"https:\/\/rootsandcook.com\/es\/#website"},"primaryImageOfPage":{"@id":"https:\/\/rootsandcook.com\/es\/producto\/ebook-pescados-y-legumbres-olla-lenta\/#primaryimage"},"image":{"@id":"https:\/\/rootsandcook.com\/es\/producto\/ebook-pescados-y-legumbres-olla-lenta\/#primaryimage"},"thumbnailUrl":"https:\/\/rootsandcook.com\/wp-content\/uploads\/2021\/04\/Portada-para-la-web_SMALL.jpg","datePublished":"2021-05-16T10:41:03+00:00","dateModified":"2026-04-08T22:19:20+00:00","description":"30 recetas SALUDABLES de pescados y legumbres para la olla lenta. Dorada a la sal, pastel de merluza, ensalada de garbanzos, alubias\u2026","breadcrumb":{"@id":"https:\/\/rootsandcook.com\/es\/producto\/ebook-pescados-y-legumbres-olla-lenta\/#breadcrumb"},"inLanguage":"es-ES","potentialAction":[{"@type":"ReadAction","target":["https:\/\/rootsandcook.com\/es\/producto\/ebook-pescados-y-legumbres-olla-lenta\/"]}]},{"@type":"ImageObject","inLanguage":"es-ES","@id":"https:\/\/rootsandcook.com\/es\/producto\/ebook-pescados-y-legumbres-olla-lenta\/#primaryimage","url":"https:\/\/rootsandcook.com\/wp-content\/uploads\/2021\/04\/Portada-para-la-web_SMALL.jpg","contentUrl":"https:\/\/rootsandcook.com\/wp-content\/uploads\/2021\/04\/Portada-para-la-web_SMALL.jpg","width":588,"height":589,"caption":"Portada del Ebook pescados y legumbres-recetas para olla lenta - rootsandcook_small"},{"@type":"BreadcrumbList","@id":"https:\/\/rootsandcook.com\/es\/producto\/ebook-pescados-y-legumbres-olla-lenta\/#breadcrumb","itemListElement":[{"@type":"ListItem","position":1,"name":"Home","item":"https:\/\/rootsandcook.com\/es\/"},{"@type":"ListItem","position":2,"name":"Tienda","item":"https:\/\/rootsandcook.com\/es\/tienda\/"},{"@type":"ListItem","position":3,"name":"Ebook &#8211; Pescados y Legumbres &#8211; Olla lenta"}]},{"@type":"WebSite","@id":"https:\/\/rootsandcook.com\/es\/#website","url":"https:\/\/rootsandcook.com\/es\/","name":"RootsandCook","description":"Fresh seasonal recipes and more","publisher":{"@id":"https:\/\/rootsandcook.com\/es\/#\/schema\/person\/18f44a39b0ae9be87eaea6e475f55041"},"potentialAction":[{"@type":"SearchAction","target":{"@type":"EntryPoint","urlTemplate":"https:\/\/rootsandcook.com\/es\/?s={search_term_string}"},"query-input":{"@type":"PropertyValueSpecification","valueRequired":true,"valueName":"search_term_string"}}],"inLanguage":"es-ES"},{"@type":["Person","Organization"],"@id":"https:\/\/rootsandcook.com\/es\/#\/schema\/person\/18f44a39b0ae9be87eaea6e475f55041","name":"Enara Parra","image":{"@type":"ImageObject","inLanguage":"es-ES","@id":"https:\/\/rootsandcook.com\/es\/#\/schema\/person\/image\/","url":"https:\/\/rootsandcook.com\/wp-content\/uploads\/2022\/04\/cropped-rootsandcook-main-web-logo.png","contentUrl":"https:\/\/rootsandcook.com\/wp-content\/uploads\/2022\/04\/cropped-rootsandcook-main-web-logo.png","width":907,"height":209,"caption":"Enara Parra"},"logo":{"@id":"https:\/\/rootsandcook.com\/es\/#\/schema\/person\/image\/"},"sameAs":["https:\/\/rootsandcook.com","https:\/\/www.facebook.com\/rootsandcook\/","https:\/\/www.instagram.com\/rootsandcook\/","https:\/\/www.pinterest.com\/rootsandcook\/","https:\/\/www.youtube.com\/rootsandcook"]}]}},"jetpack-related-posts":[],"jetpack_sharing_enabled":true,"_links":{"self":[{"href":"https:\/\/rootsandcook.com\/es\/wp-json\/wp\/v2\/product\/6910","targetHints":{"allow":["GET"]}}],"collection":[{"href":"https:\/\/rootsandcook.com\/es\/wp-json\/wp\/v2\/product"}],"about":[{"href":"https:\/\/rootsandcook.com\/es\/wp-json\/wp\/v2\/types\/product"}],"replies":[{"embeddable":true,"href":"https:\/\/rootsandcook.com\/es\/wp-json\/wp\/v2\/comments?post=6910"}],"wp:featuredmedia":[{"embeddable":true,"href":"https:\/\/rootsandcook.com\/es\/wp-json\/wp\/v2\/media\/6484"}],"wp:attachment":[{"href":"https:\/\/rootsandcook.com\/es\/wp-json\/wp\/v2\/media?parent=6910"}],"wp:term":[{"taxonomy":"product_brand","embeddable":true,"href":"https:\/\/rootsandcook.com\/es\/wp-json\/wp\/v2\/product_brand?post=6910"},{"taxonomy":"product_cat","embeddable":true,"href":"https:\/\/rootsandcook.com\/es\/wp-json\/wp\/v2\/product_cat?post=6910"},{"taxonomy":"product_tag","embeddable":true,"href":"https:\/\/rootsandcook.com\/es\/wp-json\/wp\/v2\/product_tag?post=6910"}],"curies":[{"name":"wp","href":"https:\/\/api.w.org\/{rel}","templated":true}]}}