{"id":22974,"date":"2023-12-22T11:57:54","date_gmt":"2023-12-22T09:57:54","guid":{"rendered":"https:\/\/rootsandcook.com\/?post_type=product&#038;p=22974"},"modified":"2026-02-06T14:46:32","modified_gmt":"2026-02-06T12:46:32","slug":"ebook-testeos-para-olla-lenta","status":"publish","type":"product","link":"https:\/\/rootsandcook.com\/es\/producto\/ebook-testeos-para-olla-lenta\/","title":{"rendered":"EBOOK &#8211; Testeos para OLLA LENTA"},"content":{"rendered":"<p><strong>\u00bfQu\u00e9 recibir\u00e9?<\/strong><\/p>\n<p>Una vez que finalices tu compra, podr\u00e1s descargar el Ebook directamente o desde el <strong>email<\/strong> que recibir\u00e1s en tu bandeja de entrada. El Ebook es un <strong>archivo PDF<\/strong> que puedes visualizar desde tu m\u00f3vil, desde tu ordenador, desde tu tablet\u2026<\/p>\n<p><strong>Importante<\/strong>: <strong>El link de descarga tiene una validez de 30 d\u00edas<\/strong>. Es muy importante que descargues y guardes el Ebook en tu dispositivo.<\/p>\n<p>Recuerda que adem\u00e1s lo puedes <strong>imprimir<\/strong> y tenerlo en la cocina junto a tus libros de cocina favoritos.<\/p>\n","protected":false},"excerpt":{"rendered":"<p><b>Este EBOOK (digital) de recetas <\/b><span style=\"font-weight: 400;\">es un recopilatorio de todas mis creaciones para olla lenta de estos dos \u00faltimos a\u00f1os.<\/span><\/p>\n<p><span style=\"font-weight: 400;\">Aqu\u00ed encontrar\u00e1s platos de cuchara, pescados jugosos, quiche saludables, postres deliciosos, costillas que se deshacen y muchas cosas m\u00e1s.<\/span><\/p>\n<p><b>Recetas para el d\u00eda a d\u00eda<\/b><span style=\"font-weight: 400;\"> y <\/span><b>recetas m\u00e1s especiales <\/b><span style=\"font-weight: 400;\">como la lasa\u00f1a o los rollitos de canela.<\/span><\/p>\n<p><span style=\"font-weight: 400;\">Espero que lo disfrutes much\u00edsimo.<\/span><\/p>\n<hr \/>\n<p>Durante todo el mes de Enero (2024) por la compra del <strong>Ebook Testeos para olla lenta<\/strong>, recibir\u00e1s de forma gratuita el <a href=\"https:\/\/rootsandcook.com\/es\/producto\/ebook-recetas-navidenas\/\"><strong>Ebook con recetas de Navidad.<\/strong><\/a><\/p>\n","protected":false},"featured_media":23010,"comment_status":"open","ping_status":"closed","template":"","meta":{"_coblocks_attr":"","_coblocks_dimensions":"","_coblocks_responsive_height":"","_coblocks_accordion_ie_support":"","_crdt_document":""},"product_brand":[],"product_cat":[987],"product_tag":[1898,1390,1154,1897,1892,1896,1893,1321,1406,1899,1895,1894],"class_list":{"0":"post-22974","1":"product","2":"type-product","3":"status-publish","4":"has-post-thumbnail","6":"product_cat-sin-categoria","7":"product_tag-carne","8":"product_tag-crockpot","9":"product_tag-ebook-es","10":"product_tag-legumbre","11":"product_tag-libro","12":"product_tag-libro-crockpot","13":"product_tag-libro-recetas","14":"product_tag-olla-lenta","15":"product_tag-pescado","16":"product_tag-postre","17":"product_tag-recetas-crockpot","18":"product_tag-recetas-olla-lenta","20":"first","21":"instock","22":"sale","23":"featured","24":"downloadable","25":"virtual","26":"taxable","27":"purchasable","28":"product-type-simple"},"yoast_head":"<!-- This site is optimized with the Yoast SEO Premium plugin v24.9 (Yoast SEO v27.0) - https:\/\/yoast.com\/product\/yoast-seo-premium-wordpress\/ -->\n<title>EBOOK - Testeos para OLLA LENTA - Libro Crockpot - RootsandCook<\/title>\n<meta name=\"description\" content=\"EBook - Testeos para olla lenta. EBOOK de recetas para la crockpot, platos de cuchara, pescados jugosos, quiche saludables, postres deliciosos y mucho m\u00e1s.\" \/>\n<meta name=\"robots\" content=\"index, follow, max-snippet:-1, max-image-preview:large, max-video-preview:-1\" \/>\n<link rel=\"canonical\" href=\"https:\/\/rootsandcook.com\/es\/producto\/ebook-testeos-para-olla-lenta\/\" \/>\n<meta property=\"og:locale\" content=\"es_ES\" \/>\n<meta property=\"og:type\" content=\"article\" \/>\n<meta property=\"og:title\" content=\"EBOOK - Testeos para OLLA LENTA\" \/>\n<meta property=\"og:description\" content=\"EBook - Testeos para olla lenta. EBOOK de recetas para la crockpot, platos de cuchara, pescados jugosos, quiche saludables, postres deliciosos y mucho m\u00e1s.\" \/>\n<meta property=\"og:url\" content=\"https:\/\/rootsandcook.com\/es\/producto\/ebook-testeos-para-olla-lenta\/\" \/>\n<meta property=\"og:site_name\" content=\"RootsandCook\" \/>\n<meta property=\"article:publisher\" content=\"https:\/\/www.facebook.com\/rootsandcook\/\" \/>\n<meta property=\"article:modified_time\" content=\"2026-02-06T12:46:32+00:00\" \/>\n<meta property=\"og:image\" content=\"https:\/\/rootsandcook.com\/wp-content\/uploads\/2023\/12\/EBOOK-testeos-para-olla-lenta-rootsandcook-min.jpg\" \/>\n\t<meta property=\"og:image:width\" content=\"865\" \/>\n\t<meta property=\"og:image:height\" content=\"1203\" \/>\n\t<meta property=\"og:image:type\" content=\"image\/jpeg\" \/>\n<meta name=\"twitter:card\" content=\"summary_large_image\" \/>\n<script type=\"application\/ld+json\" class=\"yoast-schema-graph\">{\"@context\":\"https:\/\/schema.org\",\"@graph\":[{\"@type\":\"WebPage\",\"@id\":\"https:\/\/rootsandcook.com\/es\/producto\/ebook-testeos-para-olla-lenta\/\",\"url\":\"https:\/\/rootsandcook.com\/es\/producto\/ebook-testeos-para-olla-lenta\/\",\"name\":\"EBOOK - Testeos para OLLA LENTA - Libro Crockpot - RootsandCook\",\"isPartOf\":{\"@id\":\"https:\/\/rootsandcook.com\/es\/#website\"},\"primaryImageOfPage\":{\"@id\":\"https:\/\/rootsandcook.com\/es\/producto\/ebook-testeos-para-olla-lenta\/#primaryimage\"},\"image\":{\"@id\":\"https:\/\/rootsandcook.com\/es\/producto\/ebook-testeos-para-olla-lenta\/#primaryimage\"},\"thumbnailUrl\":\"https:\/\/rootsandcook.com\/wp-content\/uploads\/2023\/12\/EBOOK-testeos-para-olla-lenta-rootsandcook-min.jpg\",\"datePublished\":\"2023-12-22T09:57:54+00:00\",\"dateModified\":\"2026-02-06T12:46:32+00:00\",\"description\":\"EBook - Testeos para olla lenta. EBOOK de recetas para la crockpot, platos de cuchara, pescados jugosos, quiche saludables, postres deliciosos y mucho m\u00e1s.\",\"breadcrumb\":{\"@id\":\"https:\/\/rootsandcook.com\/es\/producto\/ebook-testeos-para-olla-lenta\/#breadcrumb\"},\"inLanguage\":\"es-ES\",\"potentialAction\":[{\"@type\":\"ReadAction\",\"target\":[\"https:\/\/rootsandcook.com\/es\/producto\/ebook-testeos-para-olla-lenta\/\"]}]},{\"@type\":\"ImageObject\",\"inLanguage\":\"es-ES\",\"@id\":\"https:\/\/rootsandcook.com\/es\/producto\/ebook-testeos-para-olla-lenta\/#primaryimage\",\"url\":\"https:\/\/rootsandcook.com\/wp-content\/uploads\/2023\/12\/EBOOK-testeos-para-olla-lenta-rootsandcook-min.jpg\",\"contentUrl\":\"https:\/\/rootsandcook.com\/wp-content\/uploads\/2023\/12\/EBOOK-testeos-para-olla-lenta-rootsandcook-min.jpg\",\"width\":865,\"height\":1203,\"caption\":\"EBOOK-testeos-para-olla-lenta-rootsandcook\"},{\"@type\":\"BreadcrumbList\",\"@id\":\"https:\/\/rootsandcook.com\/es\/producto\/ebook-testeos-para-olla-lenta\/#breadcrumb\",\"itemListElement\":[{\"@type\":\"ListItem\",\"position\":1,\"name\":\"Home\",\"item\":\"https:\/\/rootsandcook.com\/es\/\"},{\"@type\":\"ListItem\",\"position\":2,\"name\":\"Tienda\",\"item\":\"https:\/\/rootsandcook.com\/es\/tienda\/\"},{\"@type\":\"ListItem\",\"position\":3,\"name\":\"EBOOK &#8211; Testeos para OLLA LENTA\"}]},{\"@type\":\"WebSite\",\"@id\":\"https:\/\/rootsandcook.com\/es\/#website\",\"url\":\"https:\/\/rootsandcook.com\/es\/\",\"name\":\"RootsandCook\",\"description\":\"Fresh seasonal recipes and more\",\"publisher\":{\"@id\":\"https:\/\/rootsandcook.com\/es\/#\/schema\/person\/18f44a39b0ae9be87eaea6e475f55041\"},\"potentialAction\":[{\"@type\":\"SearchAction\",\"target\":{\"@type\":\"EntryPoint\",\"urlTemplate\":\"https:\/\/rootsandcook.com\/es\/?s={search_term_string}\"},\"query-input\":{\"@type\":\"PropertyValueSpecification\",\"valueRequired\":true,\"valueName\":\"search_term_string\"}}],\"inLanguage\":\"es-ES\"},{\"@type\":[\"Person\",\"Organization\"],\"@id\":\"https:\/\/rootsandcook.com\/es\/#\/schema\/person\/18f44a39b0ae9be87eaea6e475f55041\",\"name\":\"Enara Parra\",\"image\":{\"@type\":\"ImageObject\",\"inLanguage\":\"es-ES\",\"@id\":\"https:\/\/rootsandcook.com\/es\/#\/schema\/person\/image\/\",\"url\":\"https:\/\/rootsandcook.com\/wp-content\/uploads\/2022\/04\/cropped-rootsandcook-main-web-logo.png\",\"contentUrl\":\"https:\/\/rootsandcook.com\/wp-content\/uploads\/2022\/04\/cropped-rootsandcook-main-web-logo.png\",\"width\":907,\"height\":209,\"caption\":\"Enara Parra\"},\"logo\":{\"@id\":\"https:\/\/rootsandcook.com\/es\/#\/schema\/person\/image\/\"},\"sameAs\":[\"https:\/\/rootsandcook.com\",\"https:\/\/www.facebook.com\/rootsandcook\/\",\"https:\/\/www.instagram.com\/rootsandcook\/\",\"https:\/\/www.pinterest.com\/rootsandcook\/\",\"https:\/\/www.youtube.com\/rootsandcook\"]}]}<\/script>\n<!-- \/ Yoast SEO Premium plugin. -->","yoast_head_json":{"title":"EBOOK - Testeos para OLLA LENTA - Libro Crockpot - RootsandCook","description":"EBook - Testeos para olla lenta. EBOOK de recetas para la crockpot, platos de cuchara, pescados jugosos, quiche saludables, postres deliciosos y mucho m\u00e1s.","robots":{"index":"index","follow":"follow","max-snippet":"max-snippet:-1","max-image-preview":"max-image-preview:large","max-video-preview":"max-video-preview:-1"},"canonical":"https:\/\/rootsandcook.com\/es\/producto\/ebook-testeos-para-olla-lenta\/","og_locale":"es_ES","og_type":"article","og_title":"EBOOK - Testeos para OLLA LENTA","og_description":"EBook - Testeos para olla lenta. EBOOK de recetas para la crockpot, platos de cuchara, pescados jugosos, quiche saludables, postres deliciosos y mucho m\u00e1s.","og_url":"https:\/\/rootsandcook.com\/es\/producto\/ebook-testeos-para-olla-lenta\/","og_site_name":"RootsandCook","article_publisher":"https:\/\/www.facebook.com\/rootsandcook\/","article_modified_time":"2026-02-06T12:46:32+00:00","og_image":[{"width":865,"height":1203,"url":"https:\/\/rootsandcook.com\/wp-content\/uploads\/2023\/12\/EBOOK-testeos-para-olla-lenta-rootsandcook-min.jpg","type":"image\/jpeg"}],"twitter_card":"summary_large_image","schema":{"@context":"https:\/\/schema.org","@graph":[{"@type":"WebPage","@id":"https:\/\/rootsandcook.com\/es\/producto\/ebook-testeos-para-olla-lenta\/","url":"https:\/\/rootsandcook.com\/es\/producto\/ebook-testeos-para-olla-lenta\/","name":"EBOOK - Testeos para OLLA LENTA - Libro Crockpot - RootsandCook","isPartOf":{"@id":"https:\/\/rootsandcook.com\/es\/#website"},"primaryImageOfPage":{"@id":"https:\/\/rootsandcook.com\/es\/producto\/ebook-testeos-para-olla-lenta\/#primaryimage"},"image":{"@id":"https:\/\/rootsandcook.com\/es\/producto\/ebook-testeos-para-olla-lenta\/#primaryimage"},"thumbnailUrl":"https:\/\/rootsandcook.com\/wp-content\/uploads\/2023\/12\/EBOOK-testeos-para-olla-lenta-rootsandcook-min.jpg","datePublished":"2023-12-22T09:57:54+00:00","dateModified":"2026-02-06T12:46:32+00:00","description":"EBook - Testeos para olla lenta. EBOOK de recetas para la crockpot, platos de cuchara, pescados jugosos, quiche saludables, postres deliciosos y mucho m\u00e1s.","breadcrumb":{"@id":"https:\/\/rootsandcook.com\/es\/producto\/ebook-testeos-para-olla-lenta\/#breadcrumb"},"inLanguage":"es-ES","potentialAction":[{"@type":"ReadAction","target":["https:\/\/rootsandcook.com\/es\/producto\/ebook-testeos-para-olla-lenta\/"]}]},{"@type":"ImageObject","inLanguage":"es-ES","@id":"https:\/\/rootsandcook.com\/es\/producto\/ebook-testeos-para-olla-lenta\/#primaryimage","url":"https:\/\/rootsandcook.com\/wp-content\/uploads\/2023\/12\/EBOOK-testeos-para-olla-lenta-rootsandcook-min.jpg","contentUrl":"https:\/\/rootsandcook.com\/wp-content\/uploads\/2023\/12\/EBOOK-testeos-para-olla-lenta-rootsandcook-min.jpg","width":865,"height":1203,"caption":"EBOOK-testeos-para-olla-lenta-rootsandcook"},{"@type":"BreadcrumbList","@id":"https:\/\/rootsandcook.com\/es\/producto\/ebook-testeos-para-olla-lenta\/#breadcrumb","itemListElement":[{"@type":"ListItem","position":1,"name":"Home","item":"https:\/\/rootsandcook.com\/es\/"},{"@type":"ListItem","position":2,"name":"Tienda","item":"https:\/\/rootsandcook.com\/es\/tienda\/"},{"@type":"ListItem","position":3,"name":"EBOOK &#8211; Testeos para OLLA LENTA"}]},{"@type":"WebSite","@id":"https:\/\/rootsandcook.com\/es\/#website","url":"https:\/\/rootsandcook.com\/es\/","name":"RootsandCook","description":"Fresh seasonal recipes and more","publisher":{"@id":"https:\/\/rootsandcook.com\/es\/#\/schema\/person\/18f44a39b0ae9be87eaea6e475f55041"},"potentialAction":[{"@type":"SearchAction","target":{"@type":"EntryPoint","urlTemplate":"https:\/\/rootsandcook.com\/es\/?s={search_term_string}"},"query-input":{"@type":"PropertyValueSpecification","valueRequired":true,"valueName":"search_term_string"}}],"inLanguage":"es-ES"},{"@type":["Person","Organization"],"@id":"https:\/\/rootsandcook.com\/es\/#\/schema\/person\/18f44a39b0ae9be87eaea6e475f55041","name":"Enara Parra","image":{"@type":"ImageObject","inLanguage":"es-ES","@id":"https:\/\/rootsandcook.com\/es\/#\/schema\/person\/image\/","url":"https:\/\/rootsandcook.com\/wp-content\/uploads\/2022\/04\/cropped-rootsandcook-main-web-logo.png","contentUrl":"https:\/\/rootsandcook.com\/wp-content\/uploads\/2022\/04\/cropped-rootsandcook-main-web-logo.png","width":907,"height":209,"caption":"Enara Parra"},"logo":{"@id":"https:\/\/rootsandcook.com\/es\/#\/schema\/person\/image\/"},"sameAs":["https:\/\/rootsandcook.com","https:\/\/www.facebook.com\/rootsandcook\/","https:\/\/www.instagram.com\/rootsandcook\/","https:\/\/www.pinterest.com\/rootsandcook\/","https:\/\/www.youtube.com\/rootsandcook"]}]}},"jetpack-related-posts":[],"jetpack_sharing_enabled":true,"_links":{"self":[{"href":"https:\/\/rootsandcook.com\/es\/wp-json\/wp\/v2\/product\/22974","targetHints":{"allow":["GET"]}}],"collection":[{"href":"https:\/\/rootsandcook.com\/es\/wp-json\/wp\/v2\/product"}],"about":[{"href":"https:\/\/rootsandcook.com\/es\/wp-json\/wp\/v2\/types\/product"}],"replies":[{"embeddable":true,"href":"https:\/\/rootsandcook.com\/es\/wp-json\/wp\/v2\/comments?post=22974"}],"wp:featuredmedia":[{"embeddable":true,"href":"https:\/\/rootsandcook.com\/es\/wp-json\/wp\/v2\/media\/23010"}],"wp:attachment":[{"href":"https:\/\/rootsandcook.com\/es\/wp-json\/wp\/v2\/media?parent=22974"}],"wp:term":[{"taxonomy":"product_brand","embeddable":true,"href":"https:\/\/rootsandcook.com\/es\/wp-json\/wp\/v2\/product_brand?post=22974"},{"taxonomy":"product_cat","embeddable":true,"href":"https:\/\/rootsandcook.com\/es\/wp-json\/wp\/v2\/product_cat?post=22974"},{"taxonomy":"product_tag","embeddable":true,"href":"https:\/\/rootsandcook.com\/es\/wp-json\/wp\/v2\/product_tag?post=22974"}],"curies":[{"name":"wp","href":"https:\/\/api.w.org\/{rel}","templated":true}]}}