{"id":18753,"date":"2023-01-24T16:03:59","date_gmt":"2023-01-24T14:03:59","guid":{"rendered":"https:\/\/rootsandcook.com\/?post_type=product&#038;p=18753"},"modified":"2026-02-06T14:45:22","modified_gmt":"2026-02-06T12:45:22","slug":"testeos-para-olla-lenta","status":"publish","type":"product","link":"https:\/\/rootsandcook.com\/es\/producto\/testeos-para-olla-lenta\/","title":{"rendered":"Testeos para OLLA LENTA"},"content":{"rendered":"<p class=\"p1\">Apasionada de los mercados y creadora de contenido de @rootsandcook.<\/p>\n<p class=\"p1\">Siempre buscando producto local y de temporada para crear recetas nuevas.<\/p>\n<p class=\"p1\">Hace ya 6 a\u00f1os empec\u00e9 en el mundo del #crockpotting. Al principio preparaba guisos de carne, caldos y algunos potajes de legumbres pero pronto me di cuenta de que apenas existen recetas de pescado para olla lenta.<\/p>\n<p class=\"p1\">Me puse manos a la obra a <strong>testear<\/strong> recetas nuevas y de ah\u00ed naci\u00f3 mi primer Ebook &#8211; Pescados y Legumbres, recetas saludables para la olla lenta.<\/p>\n<p class=\"p1\">Totalmente fascinada de esta manera de cocinar,<span class=\"Apple-converted-space\">\u00a0 <\/span>segu\u00ed creando recetas: carnes extremadamente jugosas, lasa\u00f1as, recetas para principiantes, postres\u2026<\/p>\n<p class=\"p1\"><b>Testeos para OLLA LENTA <\/b>es un recopilatorio de todas mis creaciones de estos dos \u00faltimos a\u00f1os.<\/p>\n<p class=\"p1\">Aqu\u00ed encontrar\u00e1s platos de cuchara, pescados jugosos, quiche saludables, postres deliciosos, costillas que se deshacen y muchas cosas m\u00e1s. Recetas para el d\u00eda a d\u00eda y recetas m\u00e1s especiales como la lasa\u00f1a o los rollitos de canela.<\/p>\n<p class=\"p1\">Espero que lo disfrutes much\u00edsimo.<\/p>\n<p>xx<\/p>\n<p>Enara<\/p>\n","protected":false},"excerpt":{"rendered":"<p><b>Este libro de cocina <\/b><span style=\"font-weight: 400;\">es un recopilatorio de todas mis creaciones para olla lenta de estos dos \u00faltimos a\u00f1os.<\/span><\/p>\n<p><span style=\"font-weight: 400;\">Aqu\u00ed encontrar\u00e1s platos de cuchara, pescados jugosos, quiche saludables, postres deliciosos, costillas que se deshacen y muchas cosas m\u00e1s.<\/span><\/p>\n<p><b>Recetas para el d\u00eda a d\u00eda<\/b><span style=\"font-weight: 400;\"> y <\/span><b>recetas m\u00e1s especiales <\/b><span style=\"font-weight: 400;\">como la lasa\u00f1a o los rollitos de canela.<\/span><\/p>\n<p><span style=\"font-weight: 400;\">Espero que lo disfrutes much\u00edsimo.<\/span><\/p>\n<hr \/>\n<p><strong>Env\u00edo<\/strong>:<\/p>\n<p>Espa\u00f1a: 7-8 d\u00edas laborables.<\/p>\n<p>Pa\u00edses Bajos: 1 d\u00eda laborable. Env\u00edo gratuito.<\/p>\n<p><b>Todos los pedidos que entrene desde el 10\/09\/2024 hasta el 06\/10\/2024 se enviar\u00e1n el d\u00eda 07\/10\/2024.<\/b><\/p>\n","protected":false},"featured_media":19579,"comment_status":"open","ping_status":"closed","template":"","meta":{"_coblocks_attr":"","_coblocks_dimensions":"","_coblocks_responsive_height":"","_coblocks_accordion_ie_support":"","_crdt_document":""},"product_brand":[],"product_cat":[1891],"product_tag":[1898,1390,1897,1892,1896,1893,1321,1406,1899,1895,1894],"class_list":{"0":"post-18753","1":"product","2":"type-product","3":"status-publish","4":"has-post-thumbnail","6":"product_cat-libros","7":"product_tag-carne","8":"product_tag-crockpot","9":"product_tag-legumbre","10":"product_tag-libro","11":"product_tag-libro-crockpot","12":"product_tag-libro-recetas","13":"product_tag-olla-lenta","14":"product_tag-pescado","15":"product_tag-postre","16":"product_tag-recetas-crockpot","17":"product_tag-recetas-olla-lenta","19":"first","20":"outofstock","21":"sale","22":"featured","23":"taxable","24":"shipping-taxable","25":"purchasable","26":"product-type-simple"},"yoast_head":"<!-- This site is optimized with the Yoast SEO Premium plugin v24.9 (Yoast SEO v27.0) - https:\/\/yoast.com\/product\/yoast-seo-premium-wordpress\/ -->\n<title>Testeos para OLLA LENTA - Libro Crockpot - RootsandCook<\/title>\n<meta name=\"description\" content=\"Testeos para olla lenta. Libro de recetas para la crockpot, platos de cuchara, pescados jugosos, quiche saludables, postres deliciosos y mucho m\u00e1s.\" \/>\n<meta name=\"robots\" content=\"index, follow, max-snippet:-1, max-image-preview:large, max-video-preview:-1\" \/>\n<link rel=\"canonical\" href=\"https:\/\/rootsandcook.com\/es\/producto\/testeos-para-olla-lenta\/\" \/>\n<meta property=\"og:locale\" content=\"es_ES\" \/>\n<meta property=\"og:type\" content=\"article\" \/>\n<meta property=\"og:title\" content=\"Testeos para OLLA LENTA\" \/>\n<meta property=\"og:description\" content=\"Testeos para olla lenta. Libro de recetas para la crockpot, platos de cuchara, pescados jugosos, quiche saludables, postres deliciosos y mucho m\u00e1s.\" \/>\n<meta property=\"og:url\" content=\"https:\/\/rootsandcook.com\/es\/producto\/testeos-para-olla-lenta\/\" \/>\n<meta property=\"og:site_name\" content=\"RootsandCook\" \/>\n<meta property=\"article:publisher\" content=\"https:\/\/www.facebook.com\/rootsandcook\/\" \/>\n<meta property=\"article:modified_time\" content=\"2026-02-06T12:45:22+00:00\" \/>\n<meta property=\"og:image\" content=\"https:\/\/rootsandcook.com\/wp-content\/uploads\/2023\/02\/Testeos-para-olla-lenta-rootsandcook-web.jpg\" \/>\n\t<meta property=\"og:image:width\" content=\"1000\" \/>\n\t<meta property=\"og:image:height\" content=\"1000\" \/>\n\t<meta property=\"og:image:type\" content=\"image\/jpeg\" \/>\n<meta name=\"twitter:card\" content=\"summary_large_image\" \/>\n<script type=\"application\/ld+json\" class=\"yoast-schema-graph\">{\"@context\":\"https:\/\/schema.org\",\"@graph\":[{\"@type\":\"WebPage\",\"@id\":\"https:\/\/rootsandcook.com\/es\/producto\/testeos-para-olla-lenta\/\",\"url\":\"https:\/\/rootsandcook.com\/es\/producto\/testeos-para-olla-lenta\/\",\"name\":\"Testeos para OLLA LENTA - Libro Crockpot - RootsandCook\",\"isPartOf\":{\"@id\":\"https:\/\/rootsandcook.com\/es\/#website\"},\"primaryImageOfPage\":{\"@id\":\"https:\/\/rootsandcook.com\/es\/producto\/testeos-para-olla-lenta\/#primaryimage\"},\"image\":{\"@id\":\"https:\/\/rootsandcook.com\/es\/producto\/testeos-para-olla-lenta\/#primaryimage\"},\"thumbnailUrl\":\"https:\/\/rootsandcook.com\/wp-content\/uploads\/2023\/02\/Testeos-para-olla-lenta-rootsandcook-web.jpg\",\"datePublished\":\"2023-01-24T14:03:59+00:00\",\"dateModified\":\"2026-02-06T12:45:22+00:00\",\"description\":\"Testeos para olla lenta. Libro de recetas para la crockpot, platos de cuchara, pescados jugosos, quiche saludables, postres deliciosos y mucho m\u00e1s.\",\"breadcrumb\":{\"@id\":\"https:\/\/rootsandcook.com\/es\/producto\/testeos-para-olla-lenta\/#breadcrumb\"},\"inLanguage\":\"es-ES\",\"potentialAction\":[{\"@type\":\"ReadAction\",\"target\":[\"https:\/\/rootsandcook.com\/es\/producto\/testeos-para-olla-lenta\/\"]}]},{\"@type\":\"ImageObject\",\"inLanguage\":\"es-ES\",\"@id\":\"https:\/\/rootsandcook.com\/es\/producto\/testeos-para-olla-lenta\/#primaryimage\",\"url\":\"https:\/\/rootsandcook.com\/wp-content\/uploads\/2023\/02\/Testeos-para-olla-lenta-rootsandcook-web.jpg\",\"contentUrl\":\"https:\/\/rootsandcook.com\/wp-content\/uploads\/2023\/02\/Testeos-para-olla-lenta-rootsandcook-web.jpg\",\"width\":1000,\"height\":1000,\"caption\":\"libro recetas olla lenta-testeos para olla lenta-rootsandcook\"},{\"@type\":\"BreadcrumbList\",\"@id\":\"https:\/\/rootsandcook.com\/es\/producto\/testeos-para-olla-lenta\/#breadcrumb\",\"itemListElement\":[{\"@type\":\"ListItem\",\"position\":1,\"name\":\"Home\",\"item\":\"https:\/\/rootsandcook.com\/es\/\"},{\"@type\":\"ListItem\",\"position\":2,\"name\":\"Tienda\",\"item\":\"https:\/\/rootsandcook.com\/es\/tienda\/\"},{\"@type\":\"ListItem\",\"position\":3,\"name\":\"Testeos para OLLA LENTA\"}]},{\"@type\":\"WebSite\",\"@id\":\"https:\/\/rootsandcook.com\/es\/#website\",\"url\":\"https:\/\/rootsandcook.com\/es\/\",\"name\":\"RootsandCook\",\"description\":\"Fresh seasonal recipes and more\",\"publisher\":{\"@id\":\"https:\/\/rootsandcook.com\/es\/#\/schema\/person\/18f44a39b0ae9be87eaea6e475f55041\"},\"potentialAction\":[{\"@type\":\"SearchAction\",\"target\":{\"@type\":\"EntryPoint\",\"urlTemplate\":\"https:\/\/rootsandcook.com\/es\/?s={search_term_string}\"},\"query-input\":{\"@type\":\"PropertyValueSpecification\",\"valueRequired\":true,\"valueName\":\"search_term_string\"}}],\"inLanguage\":\"es-ES\"},{\"@type\":[\"Person\",\"Organization\"],\"@id\":\"https:\/\/rootsandcook.com\/es\/#\/schema\/person\/18f44a39b0ae9be87eaea6e475f55041\",\"name\":\"Enara Parra\",\"image\":{\"@type\":\"ImageObject\",\"inLanguage\":\"es-ES\",\"@id\":\"https:\/\/rootsandcook.com\/es\/#\/schema\/person\/image\/\",\"url\":\"https:\/\/rootsandcook.com\/wp-content\/uploads\/2022\/04\/cropped-rootsandcook-main-web-logo.png\",\"contentUrl\":\"https:\/\/rootsandcook.com\/wp-content\/uploads\/2022\/04\/cropped-rootsandcook-main-web-logo.png\",\"width\":907,\"height\":209,\"caption\":\"Enara Parra\"},\"logo\":{\"@id\":\"https:\/\/rootsandcook.com\/es\/#\/schema\/person\/image\/\"},\"sameAs\":[\"https:\/\/rootsandcook.com\",\"https:\/\/www.facebook.com\/rootsandcook\/\",\"https:\/\/www.instagram.com\/rootsandcook\/\",\"https:\/\/www.pinterest.com\/rootsandcook\/\",\"https:\/\/www.youtube.com\/rootsandcook\"]}]}<\/script>\n<!-- \/ Yoast SEO Premium plugin. -->","yoast_head_json":{"title":"Testeos para OLLA LENTA - Libro Crockpot - RootsandCook","description":"Testeos para olla lenta. Libro de recetas para la crockpot, platos de cuchara, pescados jugosos, quiche saludables, postres deliciosos y mucho m\u00e1s.","robots":{"index":"index","follow":"follow","max-snippet":"max-snippet:-1","max-image-preview":"max-image-preview:large","max-video-preview":"max-video-preview:-1"},"canonical":"https:\/\/rootsandcook.com\/es\/producto\/testeos-para-olla-lenta\/","og_locale":"es_ES","og_type":"article","og_title":"Testeos para OLLA LENTA","og_description":"Testeos para olla lenta. Libro de recetas para la crockpot, platos de cuchara, pescados jugosos, quiche saludables, postres deliciosos y mucho m\u00e1s.","og_url":"https:\/\/rootsandcook.com\/es\/producto\/testeos-para-olla-lenta\/","og_site_name":"RootsandCook","article_publisher":"https:\/\/www.facebook.com\/rootsandcook\/","article_modified_time":"2026-02-06T12:45:22+00:00","og_image":[{"width":1000,"height":1000,"url":"https:\/\/rootsandcook.com\/wp-content\/uploads\/2023\/02\/Testeos-para-olla-lenta-rootsandcook-web.jpg","type":"image\/jpeg"}],"twitter_card":"summary_large_image","schema":{"@context":"https:\/\/schema.org","@graph":[{"@type":"WebPage","@id":"https:\/\/rootsandcook.com\/es\/producto\/testeos-para-olla-lenta\/","url":"https:\/\/rootsandcook.com\/es\/producto\/testeos-para-olla-lenta\/","name":"Testeos para OLLA LENTA - Libro Crockpot - RootsandCook","isPartOf":{"@id":"https:\/\/rootsandcook.com\/es\/#website"},"primaryImageOfPage":{"@id":"https:\/\/rootsandcook.com\/es\/producto\/testeos-para-olla-lenta\/#primaryimage"},"image":{"@id":"https:\/\/rootsandcook.com\/es\/producto\/testeos-para-olla-lenta\/#primaryimage"},"thumbnailUrl":"https:\/\/rootsandcook.com\/wp-content\/uploads\/2023\/02\/Testeos-para-olla-lenta-rootsandcook-web.jpg","datePublished":"2023-01-24T14:03:59+00:00","dateModified":"2026-02-06T12:45:22+00:00","description":"Testeos para olla lenta. Libro de recetas para la crockpot, platos de cuchara, pescados jugosos, quiche saludables, postres deliciosos y mucho m\u00e1s.","breadcrumb":{"@id":"https:\/\/rootsandcook.com\/es\/producto\/testeos-para-olla-lenta\/#breadcrumb"},"inLanguage":"es-ES","potentialAction":[{"@type":"ReadAction","target":["https:\/\/rootsandcook.com\/es\/producto\/testeos-para-olla-lenta\/"]}]},{"@type":"ImageObject","inLanguage":"es-ES","@id":"https:\/\/rootsandcook.com\/es\/producto\/testeos-para-olla-lenta\/#primaryimage","url":"https:\/\/rootsandcook.com\/wp-content\/uploads\/2023\/02\/Testeos-para-olla-lenta-rootsandcook-web.jpg","contentUrl":"https:\/\/rootsandcook.com\/wp-content\/uploads\/2023\/02\/Testeos-para-olla-lenta-rootsandcook-web.jpg","width":1000,"height":1000,"caption":"libro recetas olla lenta-testeos para olla lenta-rootsandcook"},{"@type":"BreadcrumbList","@id":"https:\/\/rootsandcook.com\/es\/producto\/testeos-para-olla-lenta\/#breadcrumb","itemListElement":[{"@type":"ListItem","position":1,"name":"Home","item":"https:\/\/rootsandcook.com\/es\/"},{"@type":"ListItem","position":2,"name":"Tienda","item":"https:\/\/rootsandcook.com\/es\/tienda\/"},{"@type":"ListItem","position":3,"name":"Testeos para OLLA LENTA"}]},{"@type":"WebSite","@id":"https:\/\/rootsandcook.com\/es\/#website","url":"https:\/\/rootsandcook.com\/es\/","name":"RootsandCook","description":"Fresh seasonal recipes and more","publisher":{"@id":"https:\/\/rootsandcook.com\/es\/#\/schema\/person\/18f44a39b0ae9be87eaea6e475f55041"},"potentialAction":[{"@type":"SearchAction","target":{"@type":"EntryPoint","urlTemplate":"https:\/\/rootsandcook.com\/es\/?s={search_term_string}"},"query-input":{"@type":"PropertyValueSpecification","valueRequired":true,"valueName":"search_term_string"}}],"inLanguage":"es-ES"},{"@type":["Person","Organization"],"@id":"https:\/\/rootsandcook.com\/es\/#\/schema\/person\/18f44a39b0ae9be87eaea6e475f55041","name":"Enara Parra","image":{"@type":"ImageObject","inLanguage":"es-ES","@id":"https:\/\/rootsandcook.com\/es\/#\/schema\/person\/image\/","url":"https:\/\/rootsandcook.com\/wp-content\/uploads\/2022\/04\/cropped-rootsandcook-main-web-logo.png","contentUrl":"https:\/\/rootsandcook.com\/wp-content\/uploads\/2022\/04\/cropped-rootsandcook-main-web-logo.png","width":907,"height":209,"caption":"Enara Parra"},"logo":{"@id":"https:\/\/rootsandcook.com\/es\/#\/schema\/person\/image\/"},"sameAs":["https:\/\/rootsandcook.com","https:\/\/www.facebook.com\/rootsandcook\/","https:\/\/www.instagram.com\/rootsandcook\/","https:\/\/www.pinterest.com\/rootsandcook\/","https:\/\/www.youtube.com\/rootsandcook"]}]}},"jetpack-related-posts":[],"jetpack_sharing_enabled":true,"_links":{"self":[{"href":"https:\/\/rootsandcook.com\/es\/wp-json\/wp\/v2\/product\/18753","targetHints":{"allow":["GET"]}}],"collection":[{"href":"https:\/\/rootsandcook.com\/es\/wp-json\/wp\/v2\/product"}],"about":[{"href":"https:\/\/rootsandcook.com\/es\/wp-json\/wp\/v2\/types\/product"}],"replies":[{"embeddable":true,"href":"https:\/\/rootsandcook.com\/es\/wp-json\/wp\/v2\/comments?post=18753"}],"wp:featuredmedia":[{"embeddable":true,"href":"https:\/\/rootsandcook.com\/es\/wp-json\/wp\/v2\/media\/19579"}],"wp:attachment":[{"href":"https:\/\/rootsandcook.com\/es\/wp-json\/wp\/v2\/media?parent=18753"}],"wp:term":[{"taxonomy":"product_brand","embeddable":true,"href":"https:\/\/rootsandcook.com\/es\/wp-json\/wp\/v2\/product_brand?post=18753"},{"taxonomy":"product_cat","embeddable":true,"href":"https:\/\/rootsandcook.com\/es\/wp-json\/wp\/v2\/product_cat?post=18753"},{"taxonomy":"product_tag","embeddable":true,"href":"https:\/\/rootsandcook.com\/es\/wp-json\/wp\/v2\/product_tag?post=18753"}],"curies":[{"name":"wp","href":"https:\/\/api.w.org\/{rel}","templated":true}]}}