{"id":431,"date":"2020-04-29T12:54:07","date_gmt":"2020-04-29T12:54:07","guid":{"rendered":"https:\/\/rootsandcook.com\/?page_id=431"},"modified":"2020-10-14T09:45:37","modified_gmt":"2020-10-14T07:45:37","slug":"sobre-mi","status":"publish","type":"page","link":"https:\/\/rootsandcook.com\/es\/sobre-mi\/","title":{"rendered":"Sobre m\u00ed"},"content":{"rendered":"\n<div class=\"wp-block-coblocks-media-card alignwide is-style-right is-stacked-on-mobile coblocks-media-card-912203412971\"><div class=\"wp-block-coblocks-media-card__inner has-no-padding\"><div class=\"wp-block-coblocks-media-card__wrapper\" style=\"grid-template-columns:auto 46%\"><figure class=\"wp-block-coblocks-media-card__media\"><img loading=\"lazy\" decoding=\"async\" width=\"551\" height=\"831\" src=\"https:\/\/rootsandcook.com\/wp-content\/uploads\/2020\/10\/About-me-1_rootsandcook_Enara-Parra.jpg\" alt=\"About-me-1_rootsandcook_Enara-Parra\" class=\"wp-image-3279\" srcset=\"https:\/\/rootsandcook.com\/wp-content\/uploads\/2020\/10\/About-me-1_rootsandcook_Enara-Parra.jpg 551w, https:\/\/rootsandcook.com\/wp-content\/uploads\/2020\/10\/About-me-1_rootsandcook_Enara-Parra-199x300.jpg 199w\" sizes=\"auto, (max-width: 551px) 100vw, 551px\" \/><\/figure><div class=\"wp-block-coblocks-media-card__content\">\n<div class=\"wp-block-coblocks-row coblocks-row-912203413215\" data-columns=\"1\" data-layout=\"100\"><div class=\"wp-block-coblocks-row__inner has-background has-padding has-huge-padding has-no-margin is-stacked-on-mobile has-medium-gutter\" style=\"background-color:#FFFFFF\">\n<div class=\"wp-block-coblocks-column coblocks-column-912203413217\" style=\"width:100%\"><div class=\"wp-block-coblocks-column__inner has-no-padding has-no-margin\">\n<h1 class=\"has-text-align-center wp-block-heading\"><span style=\"color:#88a475\" class=\"has-inline-color\">\u00a1Hola!<\/span><\/h1>\n\n\n\n<p class=\"wp-block-paragraph\">Soy Enara, apasionada de la cocina y creadora de contenido detr\u00e1s de RootsandCook.<\/p>\n\n\n\n<p class=\"wp-block-paragraph\"><\/p>\n\n\n\n<p class=\"wp-block-paragraph\">He cocinando desde que era peque\u00f1a, pero mi pasi\u00f3n por cocinar floreci\u00f3 hace un par de a\u00f1os. Me inspiro en recetas de mi familia\/amigos, blogs de cocina, mercados, nuevos restaurantes, viajando\u2026 en todas partes, todo el d\u00eda, a todas horas.<\/p>\n\n\n\n<p class=\"wp-block-paragraph\"><\/p>\n\n\n\n<blockquote class=\"wp-block-quote is-style-large is-layout-flow wp-block-quote-is-layout-flow\"><p><span style=\"color:#88a475\" class=\"has-inline-color\"><strong>RootsandCook<\/strong> es el lugar donde <strong>comparto mi pasi\u00f3n<\/strong> por la cocina para <strong>quiz\u00e1s poder inspirarte<\/strong>.<\/span><\/p><\/blockquote>\n<\/div><\/div>\n<\/div><\/div>\n<\/div><\/div><\/div><\/div>\n\n\n\n<hr class=\"wp-block-coblocks-dynamic-separator is-style-line\" style=\"height:50px\"\/>\n\n\n\n<div class=\"wp-block-group centered-text-post\"><div class=\"wp-block-group__inner-container is-layout-flow wp-block-group-is-layout-flow\">\n<h2 class=\"wp-block-heading\">\u00bfQu\u00e9 vas a encontrar en mi cocina?<\/h2>\n\n\n\n<p class=\"wp-block-paragraph\"><strong>Verduras, frutas, legumbres, cereales integrales, pescado y algo de carne.<\/strong>&nbsp;Cocino principalmente con ingredientes&nbsp;<strong>frescos y de temporada<\/strong>&nbsp;que compro en el mercado cada semana. Mi estilo de cocina es bastante mediterr\u00e1neo y con ingredientes de calidad. Creo en la comida real y natural, libre de procesados. Es tan f\u00e1cil y gratificante hacer tu propia salsa de tomate que ya no necesitar\u00e1s comprar salsa de tomate.<\/p>\n\n\n\n<blockquote class=\"wp-block-quote is-style-default is-layout-flow wp-block-quote-is-layout-flow\"><p><strong><span style=\"color:#88a475\" class=\"has-inline-color\">Natural, Simple y Sabores reales&nbsp; 99%<\/span><\/strong><\/p><p><strong><span style=\"color:#88a475\" class=\"has-inline-color\">Ocasionalmente algunos postres tradicionales 1%<\/span><\/strong><\/p><cite>en el equilibrio est\u00e1 la clave<\/cite><\/blockquote>\n\n\n\n<h2 class=\"wp-block-heading\">D\u00f3nde comer<\/h2>\n\n\n\n<p class=\"wp-block-paragraph\">Como he vivido en diferentes pa\u00edses y me inspiro con nuevos sabores cuando viajo, tambi\u00e9n encontrar\u00e1s <strong>mis propias versiones de recetas internacionales.<\/strong><\/p>\n\n\n\n<h2 class=\"wp-block-heading\">Huerto Urbano<\/h2>\n\n\n\n<p class=\"wp-block-paragraph\">Entr\u00e9 en el mundo de&nbsp;<strong>los huertos urbanos<\/strong>&nbsp;hace 3 a\u00f1os as\u00ed que compartir\u00e9 mis aprendizajes sobre c\u00f3mo cultivar ciertas verduras o c\u00f3mo hacer fertilizantes naturales (ya que estos tambi\u00e9n son alg\u00fan tipo de receta).<\/p>\n<\/div><\/div>\n\n\n\n<hr class=\"wp-block-coblocks-dynamic-separator is-style-line\" style=\"height:50px\"\/>\n\n\n\n<div class=\"wp-block-columns is-layout-flex wp-container-core-columns-is-layout-0e47273b wp-block-columns-is-layout-flex\">\n<div class=\"wp-block-column is-layout-flow wp-block-column-is-layout-flow\">\n<figure class=\"wp-block-image size-large\"><img loading=\"lazy\" decoding=\"async\" width=\"551\" height=\"831\" src=\"https:\/\/rootsandcook.com\/wp-content\/uploads\/2020\/10\/About-me-3_rootsandcook_Enara-Parra.jpg\" alt=\"About-me-3_rootsandcook_Enara-Parra\" class=\"wp-image-3283\" srcset=\"https:\/\/rootsandcook.com\/wp-content\/uploads\/2020\/10\/About-me-3_rootsandcook_Enara-Parra.jpg 551w, https:\/\/rootsandcook.com\/wp-content\/uploads\/2020\/10\/About-me-3_rootsandcook_Enara-Parra-199x300.jpg 199w\" sizes=\"auto, (max-width: 551px) 100vw, 551px\" \/><\/figure>\n<\/div>\n\n\n\n<div class=\"wp-block-column is-layout-flow wp-block-column-is-layout-flow\">\n<figure class=\"wp-block-image size-large\"><img loading=\"lazy\" decoding=\"async\" width=\"551\" height=\"827\" src=\"https:\/\/rootsandcook.com\/wp-content\/uploads\/2020\/10\/about-me_5_rootsandcook_Enara-Parra.jpg\" alt=\"\" class=\"wp-image-3636\" srcset=\"https:\/\/rootsandcook.com\/wp-content\/uploads\/2020\/10\/about-me_5_rootsandcook_Enara-Parra.jpg 551w, https:\/\/rootsandcook.com\/wp-content\/uploads\/2020\/10\/about-me_5_rootsandcook_Enara-Parra-200x300.jpg 200w, https:\/\/rootsandcook.com\/wp-content\/uploads\/2020\/10\/about-me_5_rootsandcook_Enara-Parra-360x540.jpg 360w\" sizes=\"auto, (max-width: 551px) 100vw, 551px\" \/><\/figure>\n<\/div>\n\n\n\n<div class=\"wp-block-column is-layout-flow wp-block-column-is-layout-flow\">\n<figure class=\"wp-block-image size-large\"><img loading=\"lazy\" decoding=\"async\" width=\"551\" height=\"831\" src=\"https:\/\/rootsandcook.com\/wp-content\/uploads\/2020\/10\/About-me-2_rootsandcook_Enara-Parra.jpg\" alt=\"About-me-2_rootsandcook_Enara-Parra\" class=\"wp-image-3281\" srcset=\"https:\/\/rootsandcook.com\/wp-content\/uploads\/2020\/10\/About-me-2_rootsandcook_Enara-Parra.jpg 551w, https:\/\/rootsandcook.com\/wp-content\/uploads\/2020\/10\/About-me-2_rootsandcook_Enara-Parra-199x300.jpg 199w\" sizes=\"auto, (max-width: 551px) 100vw, 551px\" \/><\/figure>\n<\/div>\n<\/div>\n\n\n\n<div class=\"wp-block-group centered-text-post\"><div class=\"wp-block-group__inner-container is-layout-flow wp-block-group-is-layout-flow\">\n<h2 class=\"wp-block-heading\">Un poco m\u00e1s sobre mi<\/h2>\n\n\n\n<p class=\"wp-block-paragraph\">Nac\u00ed en un pueblecito del <strong>Pa\u00eds Vasco<\/strong>. Donde crec\u00ed rodeada de monta\u00f1as, tomates del huerto y una familia a la que le encanta <strong>cocinar<\/strong> y <strong>comer bien<\/strong>.<\/p>\n\n\n\n<p class=\"wp-block-paragraph\">Me vine a Holanda con 23 a\u00f1os para unas pr\u00e1cticas y casi 7 a\u00f1os despu\u00e9s aqu\u00ed sigo. Actualmente <strong>vivo en La Haya<\/strong> con mi testador oficial que sufre y disfruta con todos mis experimentos culinarios.<\/p>\n\n\n\n<p class=\"wp-block-paragraph\">Soy <strong>Cabezona, Perfeccionista, Positiva<\/strong> y <strong>Creativa<\/strong>.<\/p>\n\n\n\n<p class=\"wp-block-paragraph\"><strong>El mercado<\/strong> <strong>local<\/strong> es lo primero que  visito cuando viajo.<\/p>\n\n\n\n<p class=\"wp-block-paragraph\"><strong>En la cocina es donde m\u00e1s tiempo<\/strong> paso cuando estoy en casa, siempre probando y creando recetas nuevas.<\/p>\n\n\n\n<p class=\"wp-block-paragraph\"><strong>Me encanta experimentar <\/strong>con nuevos ingredientes. Cuando pruebo algo rico en un restaurante, no puedo parar de probar versiones en casa hasta dar con la m\u00eda: <strong>saludable <\/strong>y <strong>con ingredientes naturales.<\/strong><\/p>\n<\/div><\/div>\n\n\n\n<hr class=\"wp-block-coblocks-dynamic-separator is-style-dots\" style=\"height:50px\"\/>\n\n\n\n<blockquote class=\"wp-block-quote has-text-align-center is-style-large is-layout-flow wp-block-quote-is-layout-flow\" style=\"color:#88a475\"><p><strong>Espero que este lugar te inspire a probar cosas nuevas y hacerlas tuyas. \u00a1Disfr\u00fatarlo!<\/strong><\/p><\/blockquote>\n\n\n\n<hr class=\"wp-block-coblocks-dynamic-separator is-style-dots\" style=\"height:50px\"\/>\n\n\n\n<h2 class=\"has-text-align-center wp-block-heading\">\u00bfComenzamos?<\/h2>\n\n\n\n<div class=\"wp-block-coblocks-row coblocks-row-98161526466\" data-columns=\"3\" data-layout=\"33-33-33\"><div class=\"wp-block-coblocks-row__inner has-no-padding has-no-margin is-stacked-on-mobile has-medium-gutter\">\n<div class=\"wp-block-coblocks-column coblocks-column-98161535384\" style=\"width:33%\"><div class=\"wp-block-coblocks-column__inner has-padding has-margin has-small-padding has-small-margin\">\n<figure class=\"wp-block-image size-large\"><a href=\"https:\/\/rootsandcook.com\/es\/recetas\/\" target=\"_blank\" rel=\"noopener noreferrer\"><img loading=\"lazy\" decoding=\"async\" width=\"500\" height=\"653\" src=\"https:\/\/rootsandcook.com\/wp-content\/uploads\/2020\/10\/Recipes-cover_2_rootsandcook.jpg\" alt=\"Recipes-cover_2_rootsandcook\" class=\"wp-image-3243\" srcset=\"https:\/\/rootsandcook.com\/wp-content\/uploads\/2020\/10\/Recipes-cover_2_rootsandcook.jpg 500w, https:\/\/rootsandcook.com\/wp-content\/uploads\/2020\/10\/Recipes-cover_2_rootsandcook-230x300.jpg 230w\" sizes=\"auto, (max-width: 500px) 100vw, 500px\" \/><\/a><figcaption><strong><span class=\"uppercase\"><a href=\"https:\/\/rootsandcook.com\/es\/recetas\/\" target=\"_blank\" rel=\"noreferrer noopener\">Recetas<\/a><\/span><\/strong><\/figcaption><\/figure>\n<\/div><\/div>\n\n\n\n<div class=\"wp-block-coblocks-column coblocks-column-98161535453\" style=\"width:33%\"><div class=\"wp-block-coblocks-column__inner has-padding has-margin has-small-padding has-small-margin\">\n<figure class=\"wp-block-image size-large\"><a href=\"https:\/\/rootsandcook.com\/es\/categoria\/donde-comer\/\" target=\"_blank\" rel=\"noopener noreferrer\"><img loading=\"lazy\" decoding=\"async\" width=\"500\" height=\"653\" src=\"https:\/\/rootsandcook.com\/wp-content\/uploads\/2020\/10\/Travel-cover_rootsandcook.jpg\" alt=\"Travel-cover_rootsandcook\" class=\"wp-image-3245\" srcset=\"https:\/\/rootsandcook.com\/wp-content\/uploads\/2020\/10\/Travel-cover_rootsandcook.jpg 500w, https:\/\/rootsandcook.com\/wp-content\/uploads\/2020\/10\/Travel-cover_rootsandcook-230x300.jpg 230w\" sizes=\"auto, (max-width: 500px) 100vw, 500px\" \/><\/a><figcaption><span class=\"uppercase\"><strong><a href=\"https:\/\/rootsandcook.com\/es\/categoria\/donde-comer\/\" target=\"_blank\" rel=\"noreferrer noopener\">D\u00f3nde Comer<\/a><\/strong><\/span><\/figcaption><\/figure>\n<\/div><\/div>\n\n\n\n<div class=\"wp-block-coblocks-column coblocks-column-98161535457\" style=\"width:33%\"><div class=\"wp-block-coblocks-column__inner has-padding has-margin has-small-padding has-small-margin\">\n<figure class=\"wp-block-image size-large\"><a href=\"https:\/\/rootsandcook.com\/es\/categoria\/huerto-urbano\/\" target=\"_blank\" rel=\"noopener noreferrer\"><img loading=\"lazy\" decoding=\"async\" width=\"500\" height=\"653\" src=\"https:\/\/rootsandcook.com\/wp-content\/uploads\/2020\/10\/Garden-cover_rootsandcook.jpg\" alt=\"Garden-cover_rootsandcook\" class=\"wp-image-3241\" srcset=\"https:\/\/rootsandcook.com\/wp-content\/uploads\/2020\/10\/Garden-cover_rootsandcook.jpg 500w, https:\/\/rootsandcook.com\/wp-content\/uploads\/2020\/10\/Garden-cover_rootsandcook-230x300.jpg 230w\" sizes=\"auto, (max-width: 500px) 100vw, 500px\" \/><\/a><figcaption><strong><span class=\"uppercase\"><a href=\"https:\/\/rootsandcook.com\/es\/categoria\/huerto-urbano\/\" target=\"_blank\" rel=\"noreferrer noopener\">Huerto Urbano<\/a><\/span><\/strong><\/figcaption><\/figure>\n<\/div><\/div>\n<\/div><\/div>\n\n\n\n<hr class=\"wp-block-coblocks-dynamic-separator is-style-line\" style=\"height:50px\"\/>\n\n\n\n<p class=\"has-text-align-center wp-block-paragraph\">\u00a1S\u00edgueme en redes sociales <span style=\"color:#88a475\" class=\"has-inline-color\"><a rel=\"noreferrer noopener\" href=\"https:\/\/www.instagram.com\/rootsandcook\/\" target=\"_blank\">Instagram<\/a>, <a rel=\"noreferrer noopener\" href=\"https:\/\/www.facebook.com\/rootsandcook\/\" target=\"_blank\">Facebook<\/a> y <a rel=\"noreferrer noopener\" href=\"https:\/\/www.pinterest.com\/rootsandcook\/\" target=\"_blank\">Pinterest<\/a><\/span>!<\/p>\n\n\n\n<blockquote class=\"wp-block-quote has-text-align-center is-style-large is-layout-flow wp-block-quote-is-layout-flow\"><p><span style=\"color:#88a475\" class=\"has-inline-color\">xx, Enara<\/span><\/p><\/blockquote>\n\n\n\n<div class=\"wp-block-columns has-background is-layout-flex wp-container-core-columns-is-layout-0e47273b wp-block-columns-is-layout-flex\" style=\"background-color:#c2d3b8\">\n<div class=\"wp-block-column is-layout-flow wp-block-column-is-layout-flow\" style=\"flex-basis:25%\"><\/div>\n\n\n\n<div class=\"wp-block-column is-layout-flow wp-block-column-is-layout-flow\" style=\"flex-basis:50%\"><\/div>\n\n\n\n<div class=\"wp-block-column is-layout-flow wp-block-column-is-layout-flow\" style=\"flex-basis:25%\"><\/div>\n<\/div>\n","protected":false},"excerpt":{"rendered":"<p>Espero que este lugar te inspire a probar cosas nuevas y hacerlas tuyas. \u00a1Disfr\u00fatarlo! \u00bfComenzamos? \u00a1S\u00edgueme en redes sociales Instagram, Facebook y Pinterest! xx, Enara<\/p>\n","protected":false},"author":1,"featured_media":0,"parent":0,"menu_order":0,"comment_status":"closed","ping_status":"closed","template":"page-templates\/full-width.php","meta":{"_coblocks_attr":"","_coblocks_dimensions":"","_coblocks_responsive_height":"","_coblocks_accordion_ie_support":"","_crdt_document":"","footnotes":""},"class_list":["post-431","page","type-page","status-publish","hentry"],"yoast_head":"<!-- This site is optimized with the Yoast SEO Premium plugin v24.9 (Yoast SEO v27.0) - https:\/\/yoast.com\/product\/yoast-seo-premium-wordpress\/ -->\n<title>Sobre m\u00ed - RootsandCook<\/title>\n<meta name=\"robots\" content=\"index, follow, max-snippet:-1, max-image-preview:large, max-video-preview:-1\" \/>\n<link rel=\"canonical\" href=\"https:\/\/rootsandcook.com\/es\/sobre-mi\/\" \/>\n<meta property=\"og:locale\" content=\"es_ES\" \/>\n<meta property=\"og:type\" content=\"article\" \/>\n<meta property=\"og:title\" content=\"Sobre m\u00ed\" \/>\n<meta property=\"og:description\" content=\"Espero que este lugar te inspire a probar cosas nuevas y hacerlas tuyas. \u00a1Disfr\u00fatarlo! \u00bfComenzamos? \u00a1S\u00edgueme en redes sociales Instagram, Facebook y Pinterest! xx, Enara\" \/>\n<meta property=\"og:url\" content=\"https:\/\/rootsandcook.com\/es\/sobre-mi\/\" \/>\n<meta property=\"og:site_name\" content=\"RootsandCook\" \/>\n<meta property=\"article:publisher\" content=\"https:\/\/www.facebook.com\/rootsandcook\/\" \/>\n<meta property=\"article:modified_time\" content=\"2020-10-14T07:45:37+00:00\" \/>\n<meta property=\"og:image\" content=\"https:\/\/rootsandcook.com\/wp-content\/uploads\/2020\/10\/About-me-1_rootsandcook_Enara-Parra.jpg\" \/>\n<meta name=\"twitter:card\" content=\"summary_large_image\" \/>\n<script type=\"application\/ld+json\" class=\"yoast-schema-graph\">{\"@context\":\"https:\/\/schema.org\",\"@graph\":[{\"@type\":\"WebPage\",\"@id\":\"https:\/\/rootsandcook.com\/es\/sobre-mi\/\",\"url\":\"https:\/\/rootsandcook.com\/es\/sobre-mi\/\",\"name\":\"Sobre m\u00ed - RootsandCook\",\"isPartOf\":{\"@id\":\"https:\/\/rootsandcook.com\/es\/#website\"},\"primaryImageOfPage\":{\"@id\":\"https:\/\/rootsandcook.com\/es\/sobre-mi\/#primaryimage\"},\"image\":{\"@id\":\"https:\/\/rootsandcook.com\/es\/sobre-mi\/#primaryimage\"},\"thumbnailUrl\":\"https:\/\/rootsandcook.com\/wp-content\/uploads\/2020\/10\/About-me-1_rootsandcook_Enara-Parra.jpg\",\"datePublished\":\"2020-04-29T12:54:07+00:00\",\"dateModified\":\"2020-10-14T07:45:37+00:00\",\"breadcrumb\":{\"@id\":\"https:\/\/rootsandcook.com\/es\/sobre-mi\/#breadcrumb\"},\"inLanguage\":\"es-ES\",\"potentialAction\":[{\"@type\":\"ReadAction\",\"target\":[\"https:\/\/rootsandcook.com\/es\/sobre-mi\/\"]}]},{\"@type\":\"ImageObject\",\"inLanguage\":\"es-ES\",\"@id\":\"https:\/\/rootsandcook.com\/es\/sobre-mi\/#primaryimage\",\"url\":\"https:\/\/rootsandcook.com\/wp-content\/uploads\/2020\/10\/About-me-1_rootsandcook_Enara-Parra.jpg\",\"contentUrl\":\"https:\/\/rootsandcook.com\/wp-content\/uploads\/2020\/10\/About-me-1_rootsandcook_Enara-Parra.jpg\"},{\"@type\":\"BreadcrumbList\",\"@id\":\"https:\/\/rootsandcook.com\/es\/sobre-mi\/#breadcrumb\",\"itemListElement\":[{\"@type\":\"ListItem\",\"position\":1,\"name\":\"Home\",\"item\":\"https:\/\/rootsandcook.com\/es\/\"},{\"@type\":\"ListItem\",\"position\":2,\"name\":\"Sobre m\u00ed\"}]},{\"@type\":\"WebSite\",\"@id\":\"https:\/\/rootsandcook.com\/es\/#website\",\"url\":\"https:\/\/rootsandcook.com\/es\/\",\"name\":\"RootsandCook\",\"description\":\"Fresh seasonal recipes and more\",\"publisher\":{\"@id\":\"https:\/\/rootsandcook.com\/es\/#\/schema\/person\/18f44a39b0ae9be87eaea6e475f55041\"},\"potentialAction\":[{\"@type\":\"SearchAction\",\"target\":{\"@type\":\"EntryPoint\",\"urlTemplate\":\"https:\/\/rootsandcook.com\/es\/?s={search_term_string}\"},\"query-input\":{\"@type\":\"PropertyValueSpecification\",\"valueRequired\":true,\"valueName\":\"search_term_string\"}}],\"inLanguage\":\"es-ES\"},{\"@type\":[\"Person\",\"Organization\"],\"@id\":\"https:\/\/rootsandcook.com\/es\/#\/schema\/person\/18f44a39b0ae9be87eaea6e475f55041\",\"name\":\"Enara Parra\",\"image\":{\"@type\":\"ImageObject\",\"inLanguage\":\"es-ES\",\"@id\":\"https:\/\/rootsandcook.com\/es\/#\/schema\/person\/image\/\",\"url\":\"https:\/\/rootsandcook.com\/wp-content\/uploads\/2022\/04\/cropped-rootsandcook-main-web-logo.png\",\"contentUrl\":\"https:\/\/rootsandcook.com\/wp-content\/uploads\/2022\/04\/cropped-rootsandcook-main-web-logo.png\",\"width\":907,\"height\":209,\"caption\":\"Enara Parra\"},\"logo\":{\"@id\":\"https:\/\/rootsandcook.com\/es\/#\/schema\/person\/image\/\"},\"sameAs\":[\"https:\/\/rootsandcook.com\",\"https:\/\/www.facebook.com\/rootsandcook\/\",\"https:\/\/www.instagram.com\/rootsandcook\/\",\"https:\/\/www.pinterest.com\/rootsandcook\/\",\"https:\/\/www.youtube.com\/rootsandcook\"]}]}<\/script>\n<!-- \/ Yoast SEO Premium plugin. -->","yoast_head_json":{"title":"Sobre m\u00ed - RootsandCook","robots":{"index":"index","follow":"follow","max-snippet":"max-snippet:-1","max-image-preview":"max-image-preview:large","max-video-preview":"max-video-preview:-1"},"canonical":"https:\/\/rootsandcook.com\/es\/sobre-mi\/","og_locale":"es_ES","og_type":"article","og_title":"Sobre m\u00ed","og_description":"Espero que este lugar te inspire a probar cosas nuevas y hacerlas tuyas. \u00a1Disfr\u00fatarlo! \u00bfComenzamos? \u00a1S\u00edgueme en redes sociales Instagram, Facebook y Pinterest! xx, Enara","og_url":"https:\/\/rootsandcook.com\/es\/sobre-mi\/","og_site_name":"RootsandCook","article_publisher":"https:\/\/www.facebook.com\/rootsandcook\/","article_modified_time":"2020-10-14T07:45:37+00:00","og_image":[{"url":"https:\/\/rootsandcook.com\/wp-content\/uploads\/2020\/10\/About-me-1_rootsandcook_Enara-Parra.jpg","type":"","width":"","height":""}],"twitter_card":"summary_large_image","schema":{"@context":"https:\/\/schema.org","@graph":[{"@type":"WebPage","@id":"https:\/\/rootsandcook.com\/es\/sobre-mi\/","url":"https:\/\/rootsandcook.com\/es\/sobre-mi\/","name":"Sobre m\u00ed - RootsandCook","isPartOf":{"@id":"https:\/\/rootsandcook.com\/es\/#website"},"primaryImageOfPage":{"@id":"https:\/\/rootsandcook.com\/es\/sobre-mi\/#primaryimage"},"image":{"@id":"https:\/\/rootsandcook.com\/es\/sobre-mi\/#primaryimage"},"thumbnailUrl":"https:\/\/rootsandcook.com\/wp-content\/uploads\/2020\/10\/About-me-1_rootsandcook_Enara-Parra.jpg","datePublished":"2020-04-29T12:54:07+00:00","dateModified":"2020-10-14T07:45:37+00:00","breadcrumb":{"@id":"https:\/\/rootsandcook.com\/es\/sobre-mi\/#breadcrumb"},"inLanguage":"es-ES","potentialAction":[{"@type":"ReadAction","target":["https:\/\/rootsandcook.com\/es\/sobre-mi\/"]}]},{"@type":"ImageObject","inLanguage":"es-ES","@id":"https:\/\/rootsandcook.com\/es\/sobre-mi\/#primaryimage","url":"https:\/\/rootsandcook.com\/wp-content\/uploads\/2020\/10\/About-me-1_rootsandcook_Enara-Parra.jpg","contentUrl":"https:\/\/rootsandcook.com\/wp-content\/uploads\/2020\/10\/About-me-1_rootsandcook_Enara-Parra.jpg"},{"@type":"BreadcrumbList","@id":"https:\/\/rootsandcook.com\/es\/sobre-mi\/#breadcrumb","itemListElement":[{"@type":"ListItem","position":1,"name":"Home","item":"https:\/\/rootsandcook.com\/es\/"},{"@type":"ListItem","position":2,"name":"Sobre m\u00ed"}]},{"@type":"WebSite","@id":"https:\/\/rootsandcook.com\/es\/#website","url":"https:\/\/rootsandcook.com\/es\/","name":"RootsandCook","description":"Fresh seasonal recipes and more","publisher":{"@id":"https:\/\/rootsandcook.com\/es\/#\/schema\/person\/18f44a39b0ae9be87eaea6e475f55041"},"potentialAction":[{"@type":"SearchAction","target":{"@type":"EntryPoint","urlTemplate":"https:\/\/rootsandcook.com\/es\/?s={search_term_string}"},"query-input":{"@type":"PropertyValueSpecification","valueRequired":true,"valueName":"search_term_string"}}],"inLanguage":"es-ES"},{"@type":["Person","Organization"],"@id":"https:\/\/rootsandcook.com\/es\/#\/schema\/person\/18f44a39b0ae9be87eaea6e475f55041","name":"Enara Parra","image":{"@type":"ImageObject","inLanguage":"es-ES","@id":"https:\/\/rootsandcook.com\/es\/#\/schema\/person\/image\/","url":"https:\/\/rootsandcook.com\/wp-content\/uploads\/2022\/04\/cropped-rootsandcook-main-web-logo.png","contentUrl":"https:\/\/rootsandcook.com\/wp-content\/uploads\/2022\/04\/cropped-rootsandcook-main-web-logo.png","width":907,"height":209,"caption":"Enara Parra"},"logo":{"@id":"https:\/\/rootsandcook.com\/es\/#\/schema\/person\/image\/"},"sameAs":["https:\/\/rootsandcook.com","https:\/\/www.facebook.com\/rootsandcook\/","https:\/\/www.instagram.com\/rootsandcook\/","https:\/\/www.pinterest.com\/rootsandcook\/","https:\/\/www.youtube.com\/rootsandcook"]}]}},"jetpack-related-posts":[],"jetpack_sharing_enabled":true,"_links":{"self":[{"href":"https:\/\/rootsandcook.com\/es\/wp-json\/wp\/v2\/pages\/431","targetHints":{"allow":["GET"]}}],"collection":[{"href":"https:\/\/rootsandcook.com\/es\/wp-json\/wp\/v2\/pages"}],"about":[{"href":"https:\/\/rootsandcook.com\/es\/wp-json\/wp\/v2\/types\/page"}],"author":[{"embeddable":true,"href":"https:\/\/rootsandcook.com\/es\/wp-json\/wp\/v2\/users\/1"}],"replies":[{"embeddable":true,"href":"https:\/\/rootsandcook.com\/es\/wp-json\/wp\/v2\/comments?post=431"}],"version-history":[{"count":0,"href":"https:\/\/rootsandcook.com\/es\/wp-json\/wp\/v2\/pages\/431\/revisions"}],"wp:attachment":[{"href":"https:\/\/rootsandcook.com\/es\/wp-json\/wp\/v2\/media?parent=431"}],"curies":[{"name":"wp","href":"https:\/\/api.w.org\/{rel}","templated":true}]}}