{"id":3735,"date":"2020-10-14T13:03:06","date_gmt":"2020-10-14T11:03:06","guid":{"rendered":"https:\/\/rootsandcook.com\/servicios\/"},"modified":"2020-10-14T13:03:45","modified_gmt":"2020-10-14T11:03:45","slug":"servicios","status":"publish","type":"page","link":"https:\/\/rootsandcook.com\/es\/servicios\/","title":{"rendered":"Servicios"},"content":{"rendered":"\n<div class=\"wp-block-columns alignwide is-layout-flex wp-container-core-columns-is-layout-0e47273b wp-block-columns-is-layout-flex\">\n<div class=\"wp-block-column is-layout-flow wp-block-column-is-layout-flow\" style=\"flex-basis:25%\">\n<div class=\"wp-block-image\"><figure class=\"aligncenter size-large\"><img loading=\"lazy\" decoding=\"async\" width=\"300\" height=\"450\" src=\"https:\/\/rootsandcook.com\/wp-content\/uploads\/2020\/10\/izquierda.jpg\" alt=\"\" class=\"wp-image-3731\" srcset=\"https:\/\/rootsandcook.com\/wp-content\/uploads\/2020\/10\/izquierda.jpg 300w, https:\/\/rootsandcook.com\/wp-content\/uploads\/2020\/10\/izquierda-200x300.jpg 200w\" sizes=\"auto, (max-width: 300px) 100vw, 300px\" \/><\/figure><\/div>\n\n\n\n<h4 class=\"wp-block-heading\">Desarrollo de recetas<\/h4>\n\n\n\n<p class=\"wp-block-paragraph\">\u00bfNecesitas contenido relacionado con la comida para tu web, redes sociales, revista&#8230;? Siempre estoy creando nuevas recetas. Si tienes algo interesante que proponerme, m\u00e1ndame un email a <em>rootsandcook@gmail.com<\/em><\/p>\n<\/div>\n\n\n\n<div class=\"wp-block-column is-layout-flow wp-block-column-is-layout-flow\" style=\"flex-basis:50%\">\n<div class=\"wp-block-image\"><figure class=\"aligncenter size-large\"><img loading=\"lazy\" decoding=\"async\" width=\"600\" height=\"450\" src=\"https:\/\/rootsandcook.com\/wp-content\/uploads\/2020\/10\/centro.jpg\" alt=\"\" class=\"wp-image-3727\" srcset=\"https:\/\/rootsandcook.com\/wp-content\/uploads\/2020\/10\/centro.jpg 600w, https:\/\/rootsandcook.com\/wp-content\/uploads\/2020\/10\/centro-300x225.jpg 300w, https:\/\/rootsandcook.com\/wp-content\/uploads\/2020\/10\/centro-500x375.jpg 500w\" sizes=\"auto, (max-width: 600px) 100vw, 600px\" \/><\/figure><\/div>\n\n\n\n<h4 class=\"wp-block-heading\">Clases de cocina privadas &#8211; Organizaci\u00f3n en al cocina<\/h4>\n\n\n\n<p class=\"wp-block-paragraph\">Si te apetece aprender a cocinar platos m\u00e1s comprejos para sorprender a tus invitados. O quieres clases de cocina a tu medida, escr\u00edbeme.<\/p>\n\n\n\n<p class=\"wp-block-paragraph\">\u00bfQuieres aprender a organizarte en la cocina? \u00bfAprender a organizar la despensa y armarios, los menus o aprender a hacer batch cooking?<\/p>\n\n\n\n<p class=\"wp-block-paragraph\">Escr\u00edbeme a <em>rootsandcook@gmail.com<\/em><\/p>\n<\/div>\n\n\n\n<div class=\"wp-block-column is-layout-flow wp-block-column-is-layout-flow\" style=\"flex-basis:25%\">\n<div class=\"wp-block-image\"><figure class=\"aligncenter size-large\"><img loading=\"lazy\" decoding=\"async\" width=\"300\" height=\"450\" src=\"https:\/\/rootsandcook.com\/wp-content\/uploads\/2020\/10\/derecha.jpg\" alt=\"\" class=\"wp-image-3729\" srcset=\"https:\/\/rootsandcook.com\/wp-content\/uploads\/2020\/10\/derecha.jpg 300w, https:\/\/rootsandcook.com\/wp-content\/uploads\/2020\/10\/derecha-200x300.jpg 200w\" sizes=\"auto, (max-width: 300px) 100vw, 300px\" \/><\/figure><\/div>\n\n\n\n<h4 class=\"wp-block-heading\">Reviews de restaurantes y Press Trips<\/h4>\n\n\n\n<p class=\"wp-block-paragraph\">Me encanta descubrir nuevos sabores e inspirarme para crear recetas nuevas. \u00bfEstas organizando un viaje culinario o tienes un restaurante y quieres un post dedicado? Manda un email a<em>rootsandcook@gmail.com<\/em><\/p>\n<\/div>\n<\/div>\n\n<hr class=\"wp-block-coblocks-dynamic-separator\" style=\"height:50px\">\n\n<p class=\"wp-block-paragraph\">\u00bfQuieres mandarme productos? Me encanta probar cosas nuevas. Siempre estoy interesada en las \u00faltimas tendencias en cocina, libros y aparatos de cocina. Escr\u00edbeme a <em>rootsandcook@gmail.com<\/em><\/p>\n\n<p class=\"wp-block-paragraph\">No garantizo ninguna publicaci\u00f3n ya que solo publico lo que realmente me gusta.<\/p>\n","protected":false},"excerpt":{"rendered":"<p>Desarrollo de recetas \u00bfNecesitas contenido relacionado con la comida para tu web, redes sociales, revista&#8230;? Siempre estoy creando nuevas recetas. Si tienes algo interesante que proponerme, m\u00e1ndame un email a rootsandcook@gmail.com Clases de cocina privadas &#8211; Organizaci\u00f3n en al cocina Si te apetece aprender a cocinar platos m\u00e1s comprejos para [&hellip;]<\/p>\n","protected":false},"author":1,"featured_media":0,"parent":0,"menu_order":0,"comment_status":"closed","ping_status":"closed","template":"page-templates\/full-width.php","meta":{"_coblocks_attr":"","_coblocks_dimensions":"","_coblocks_responsive_height":"","_coblocks_accordion_ie_support":"","_crdt_document":"","footnotes":""},"class_list":["post-3735","page","type-page","status-publish","hentry"],"yoast_head":"<!-- This site is optimized with the Yoast SEO Premium plugin v24.9 (Yoast SEO v27.0) - https:\/\/yoast.com\/product\/yoast-seo-premium-wordpress\/ -->\n<title>Servicios - RootsandCook<\/title>\n<meta name=\"robots\" content=\"index, follow, max-snippet:-1, max-image-preview:large, max-video-preview:-1\" \/>\n<link rel=\"canonical\" href=\"https:\/\/rootsandcook.com\/es\/servicios\/\" \/>\n<meta property=\"og:locale\" content=\"es_ES\" \/>\n<meta property=\"og:type\" content=\"article\" \/>\n<meta property=\"og:title\" content=\"Servicios\" \/>\n<meta property=\"og:description\" content=\"Desarrollo de recetas \u00bfNecesitas contenido relacionado con la comida para tu web, redes sociales, revista&#8230;? Siempre estoy creando nuevas recetas. Si tienes algo interesante que proponerme, m\u00e1ndame un email a rootsandcook@gmail.com Clases de cocina privadas &#8211; Organizaci\u00f3n en al cocina Si te apetece aprender a cocinar platos m\u00e1s comprejos para [&hellip;]\" \/>\n<meta property=\"og:url\" content=\"https:\/\/rootsandcook.com\/es\/servicios\/\" \/>\n<meta property=\"og:site_name\" content=\"RootsandCook\" \/>\n<meta property=\"article:publisher\" content=\"https:\/\/www.facebook.com\/rootsandcook\/\" \/>\n<meta property=\"article:modified_time\" content=\"2020-10-14T11:03:45+00:00\" \/>\n<meta property=\"og:image\" content=\"https:\/\/rootsandcook.com\/wp-content\/uploads\/2020\/10\/izquierda.jpg\" \/>\n<meta name=\"twitter:card\" content=\"summary_large_image\" \/>\n<script type=\"application\/ld+json\" class=\"yoast-schema-graph\">{\"@context\":\"https:\/\/schema.org\",\"@graph\":[{\"@type\":\"WebPage\",\"@id\":\"https:\/\/rootsandcook.com\/es\/servicios\/\",\"url\":\"https:\/\/rootsandcook.com\/es\/servicios\/\",\"name\":\"Servicios - RootsandCook\",\"isPartOf\":{\"@id\":\"https:\/\/rootsandcook.com\/es\/#website\"},\"primaryImageOfPage\":{\"@id\":\"https:\/\/rootsandcook.com\/es\/servicios\/#primaryimage\"},\"image\":{\"@id\":\"https:\/\/rootsandcook.com\/es\/servicios\/#primaryimage\"},\"thumbnailUrl\":\"https:\/\/rootsandcook.com\/wp-content\/uploads\/2020\/10\/izquierda.jpg\",\"datePublished\":\"2020-10-14T11:03:06+00:00\",\"dateModified\":\"2020-10-14T11:03:45+00:00\",\"breadcrumb\":{\"@id\":\"https:\/\/rootsandcook.com\/es\/servicios\/#breadcrumb\"},\"inLanguage\":\"es-ES\",\"potentialAction\":[{\"@type\":\"ReadAction\",\"target\":[\"https:\/\/rootsandcook.com\/es\/servicios\/\"]}]},{\"@type\":\"ImageObject\",\"inLanguage\":\"es-ES\",\"@id\":\"https:\/\/rootsandcook.com\/es\/servicios\/#primaryimage\",\"url\":\"https:\/\/rootsandcook.com\/wp-content\/uploads\/2020\/10\/izquierda.jpg\",\"contentUrl\":\"https:\/\/rootsandcook.com\/wp-content\/uploads\/2020\/10\/izquierda.jpg\"},{\"@type\":\"BreadcrumbList\",\"@id\":\"https:\/\/rootsandcook.com\/es\/servicios\/#breadcrumb\",\"itemListElement\":[{\"@type\":\"ListItem\",\"position\":1,\"name\":\"Home\",\"item\":\"https:\/\/rootsandcook.com\/es\/\"},{\"@type\":\"ListItem\",\"position\":2,\"name\":\"Servicios\"}]},{\"@type\":\"WebSite\",\"@id\":\"https:\/\/rootsandcook.com\/es\/#website\",\"url\":\"https:\/\/rootsandcook.com\/es\/\",\"name\":\"RootsandCook\",\"description\":\"Fresh seasonal recipes and more\",\"publisher\":{\"@id\":\"https:\/\/rootsandcook.com\/es\/#\/schema\/person\/18f44a39b0ae9be87eaea6e475f55041\"},\"potentialAction\":[{\"@type\":\"SearchAction\",\"target\":{\"@type\":\"EntryPoint\",\"urlTemplate\":\"https:\/\/rootsandcook.com\/es\/?s={search_term_string}\"},\"query-input\":{\"@type\":\"PropertyValueSpecification\",\"valueRequired\":true,\"valueName\":\"search_term_string\"}}],\"inLanguage\":\"es-ES\"},{\"@type\":[\"Person\",\"Organization\"],\"@id\":\"https:\/\/rootsandcook.com\/es\/#\/schema\/person\/18f44a39b0ae9be87eaea6e475f55041\",\"name\":\"Enara Parra\",\"image\":{\"@type\":\"ImageObject\",\"inLanguage\":\"es-ES\",\"@id\":\"https:\/\/rootsandcook.com\/es\/#\/schema\/person\/image\/\",\"url\":\"https:\/\/rootsandcook.com\/wp-content\/uploads\/2022\/04\/cropped-rootsandcook-main-web-logo.png\",\"contentUrl\":\"https:\/\/rootsandcook.com\/wp-content\/uploads\/2022\/04\/cropped-rootsandcook-main-web-logo.png\",\"width\":907,\"height\":209,\"caption\":\"Enara Parra\"},\"logo\":{\"@id\":\"https:\/\/rootsandcook.com\/es\/#\/schema\/person\/image\/\"},\"sameAs\":[\"https:\/\/rootsandcook.com\",\"https:\/\/www.facebook.com\/rootsandcook\/\",\"https:\/\/www.instagram.com\/rootsandcook\/\",\"https:\/\/www.pinterest.com\/rootsandcook\/\",\"https:\/\/www.youtube.com\/rootsandcook\"]}]}<\/script>\n<!-- \/ Yoast SEO Premium plugin. -->","yoast_head_json":{"title":"Servicios - RootsandCook","robots":{"index":"index","follow":"follow","max-snippet":"max-snippet:-1","max-image-preview":"max-image-preview:large","max-video-preview":"max-video-preview:-1"},"canonical":"https:\/\/rootsandcook.com\/es\/servicios\/","og_locale":"es_ES","og_type":"article","og_title":"Servicios","og_description":"Desarrollo de recetas \u00bfNecesitas contenido relacionado con la comida para tu web, redes sociales, revista&#8230;? Siempre estoy creando nuevas recetas. Si tienes algo interesante que proponerme, m\u00e1ndame un email a rootsandcook@gmail.com Clases de cocina privadas &#8211; Organizaci\u00f3n en al cocina Si te apetece aprender a cocinar platos m\u00e1s comprejos para [&hellip;]","og_url":"https:\/\/rootsandcook.com\/es\/servicios\/","og_site_name":"RootsandCook","article_publisher":"https:\/\/www.facebook.com\/rootsandcook\/","article_modified_time":"2020-10-14T11:03:45+00:00","og_image":[{"url":"https:\/\/rootsandcook.com\/wp-content\/uploads\/2020\/10\/izquierda.jpg","type":"","width":"","height":""}],"twitter_card":"summary_large_image","schema":{"@context":"https:\/\/schema.org","@graph":[{"@type":"WebPage","@id":"https:\/\/rootsandcook.com\/es\/servicios\/","url":"https:\/\/rootsandcook.com\/es\/servicios\/","name":"Servicios - RootsandCook","isPartOf":{"@id":"https:\/\/rootsandcook.com\/es\/#website"},"primaryImageOfPage":{"@id":"https:\/\/rootsandcook.com\/es\/servicios\/#primaryimage"},"image":{"@id":"https:\/\/rootsandcook.com\/es\/servicios\/#primaryimage"},"thumbnailUrl":"https:\/\/rootsandcook.com\/wp-content\/uploads\/2020\/10\/izquierda.jpg","datePublished":"2020-10-14T11:03:06+00:00","dateModified":"2020-10-14T11:03:45+00:00","breadcrumb":{"@id":"https:\/\/rootsandcook.com\/es\/servicios\/#breadcrumb"},"inLanguage":"es-ES","potentialAction":[{"@type":"ReadAction","target":["https:\/\/rootsandcook.com\/es\/servicios\/"]}]},{"@type":"ImageObject","inLanguage":"es-ES","@id":"https:\/\/rootsandcook.com\/es\/servicios\/#primaryimage","url":"https:\/\/rootsandcook.com\/wp-content\/uploads\/2020\/10\/izquierda.jpg","contentUrl":"https:\/\/rootsandcook.com\/wp-content\/uploads\/2020\/10\/izquierda.jpg"},{"@type":"BreadcrumbList","@id":"https:\/\/rootsandcook.com\/es\/servicios\/#breadcrumb","itemListElement":[{"@type":"ListItem","position":1,"name":"Home","item":"https:\/\/rootsandcook.com\/es\/"},{"@type":"ListItem","position":2,"name":"Servicios"}]},{"@type":"WebSite","@id":"https:\/\/rootsandcook.com\/es\/#website","url":"https:\/\/rootsandcook.com\/es\/","name":"RootsandCook","description":"Fresh seasonal recipes and more","publisher":{"@id":"https:\/\/rootsandcook.com\/es\/#\/schema\/person\/18f44a39b0ae9be87eaea6e475f55041"},"potentialAction":[{"@type":"SearchAction","target":{"@type":"EntryPoint","urlTemplate":"https:\/\/rootsandcook.com\/es\/?s={search_term_string}"},"query-input":{"@type":"PropertyValueSpecification","valueRequired":true,"valueName":"search_term_string"}}],"inLanguage":"es-ES"},{"@type":["Person","Organization"],"@id":"https:\/\/rootsandcook.com\/es\/#\/schema\/person\/18f44a39b0ae9be87eaea6e475f55041","name":"Enara Parra","image":{"@type":"ImageObject","inLanguage":"es-ES","@id":"https:\/\/rootsandcook.com\/es\/#\/schema\/person\/image\/","url":"https:\/\/rootsandcook.com\/wp-content\/uploads\/2022\/04\/cropped-rootsandcook-main-web-logo.png","contentUrl":"https:\/\/rootsandcook.com\/wp-content\/uploads\/2022\/04\/cropped-rootsandcook-main-web-logo.png","width":907,"height":209,"caption":"Enara Parra"},"logo":{"@id":"https:\/\/rootsandcook.com\/es\/#\/schema\/person\/image\/"},"sameAs":["https:\/\/rootsandcook.com","https:\/\/www.facebook.com\/rootsandcook\/","https:\/\/www.instagram.com\/rootsandcook\/","https:\/\/www.pinterest.com\/rootsandcook\/","https:\/\/www.youtube.com\/rootsandcook"]}]}},"jetpack-related-posts":[],"jetpack_sharing_enabled":true,"_links":{"self":[{"href":"https:\/\/rootsandcook.com\/es\/wp-json\/wp\/v2\/pages\/3735","targetHints":{"allow":["GET"]}}],"collection":[{"href":"https:\/\/rootsandcook.com\/es\/wp-json\/wp\/v2\/pages"}],"about":[{"href":"https:\/\/rootsandcook.com\/es\/wp-json\/wp\/v2\/types\/page"}],"author":[{"embeddable":true,"href":"https:\/\/rootsandcook.com\/es\/wp-json\/wp\/v2\/users\/1"}],"replies":[{"embeddable":true,"href":"https:\/\/rootsandcook.com\/es\/wp-json\/wp\/v2\/comments?post=3735"}],"version-history":[{"count":0,"href":"https:\/\/rootsandcook.com\/es\/wp-json\/wp\/v2\/pages\/3735\/revisions"}],"wp:attachment":[{"href":"https:\/\/rootsandcook.com\/es\/wp-json\/wp\/v2\/media?parent=3735"}],"curies":[{"name":"wp","href":"https:\/\/api.w.org\/{rel}","templated":true}]}}